{"id":171,"date":"2019-10-21T17:21:09","date_gmt":"2019-10-21T15:21:09","guid":{"rendered":"http:\/\/www.pestalozzischule-krefeld.de\/?page_id=171"},"modified":"2021-11-25T11:20:13","modified_gmt":"2021-11-25T10:20:13","slug":"jekits","status":"publish","type":"page","link":"https:\/\/www.pestalozzischule-krefeld.de\/index.php\/jekits\/","title":{"rendered":"Jekits"},"content":{"rendered":"\t\t<div data-elementor-type=\"wp-page\" data-elementor-id=\"171\" class=\"elementor elementor-171\">\n\t\t\t\t\t\t<section class=\"elementor-section elementor-top-section elementor-element elementor-element-19704f8e elementor-section-height-min-height elementor-section-content-middle elementor-section-boxed elementor-section-height-default elementor-section-items-middle\" data-id=\"19704f8e\" data-element_type=\"section\" data-e-type=\"section\" data-settings=\"{&quot;background_background&quot;:&quot;classic&quot;}\">\n\t\t\t\t\t\t<div class=\"elementor-container elementor-column-gap-default\">\n\t\t\t\t\t<div class=\"elementor-column elementor-col-50 elementor-top-column elementor-element elementor-element-4fbd4e6\" data-id=\"4fbd4e6\" data-element_type=\"column\" data-e-type=\"column\">\n\t\t\t<div class=\"elementor-widget-wrap elementor-element-populated\">\n\t\t\t\t\t\t<div class=\"elementor-element elementor-element-41cb599f elementor-widget-divider--view-line elementor-widget elementor-widget-divider\" data-id=\"41cb599f\" data-element_type=\"widget\" data-e-type=\"widget\" data-widget_type=\"divider.default\">\n\t\t\t\t<div class=\"elementor-widget-container\">\n\t\t\t\t\t\t\t<div class=\"elementor-divider\">\n\t\t\t<span class=\"elementor-divider-separator\">\n\t\t\t\t\t\t<\/span>\n\t\t<\/div>\n\t\t\t\t\t\t<\/div>\n\t\t\t\t<\/div>\n\t\t\t\t<div class=\"elementor-element elementor-element-32b216e4 elementor-invisible elementor-widget elementor-widget-heading\" data-id=\"32b216e4\" data-element_type=\"widget\" data-e-type=\"widget\" data-settings=\"{&quot;_animation&quot;:&quot;bounceInLeft&quot;}\" data-widget_type=\"heading.default\">\n\t\t\t\t<div class=\"elementor-widget-container\">\n\t\t\t\t\t<h3 class=\"elementor-heading-title elementor-size-large\">jekits<\/h3>\t\t\t\t<\/div>\n\t\t\t\t<\/div>\n\t\t\t\t<div class=\"elementor-element elementor-element-621c29ad elementor-widget elementor-widget-text-editor\" data-id=\"621c29ad\" data-element_type=\"widget\" data-e-type=\"widget\" data-widget_type=\"text-editor.default\">\n\t\t\t\t<div class=\"elementor-widget-container\">\n\t\t\t\t\t\t\t\t\t<p>\u201eJeKits \u2013 Jedem Kind Instrumente, Tanzen, Singen\u201c ist ein kulturelles Bildungsprogramm in Grund- und F\u00f6rderschulen des Landes Nordrhein-Westfalen. Durchgef\u00fchrt wird JeKits in Kooperation von au\u00dferschulischen Bildungspartnern wie z. B. Musikschulen oder Tanzinstitutionen und den Schulen. JeKits hat drei alternative Schwerpunkte: Instrumente, Tanzen oder Singen.<\/p>\t\t\t\t\t\t\t\t<\/div>\n\t\t\t\t<\/div>\n\t\t\t\t\t<\/div>\n\t\t<\/div>\n\t\t\t\t<div class=\"elementor-column elementor-col-50 elementor-top-column elementor-element elementor-element-50efa9a3\" data-id=\"50efa9a3\" data-element_type=\"column\" data-e-type=\"column\">\n\t\t\t<div class=\"elementor-widget-wrap elementor-element-populated\">\n\t\t\t\t\t\t<div class=\"elementor-element elementor-element-1d096047 elementor-widget elementor-widget-image\" data-id=\"1d096047\" data-element_type=\"widget\" data-e-type=\"widget\" data-widget_type=\"image.default\">\n\t\t\t\t<div class=\"elementor-widget-container\">\n\t\t\t\t\t\t\t\t\t\t\t\t\t\t\t\t<a href=\"https:\/\/www.jekits.de\/\">\n\t\t\t\t\t\t\t<img decoding=\"async\" src=\"http:\/\/www.pestalozzischule-krefeld.de\/wp-content\/uploads\/2019\/11\/jekits.png\" title=\"\" alt=\"\" loading=\"lazy\" \/>\t\t\t\t\t\t\t\t<\/a>\n\t\t\t\t\t\t\t\t\t\t\t\t\t\t\t<\/div>\n\t\t\t\t<\/div>\n\t\t\t\t\t<\/div>\n\t\t<\/div>\n\t\t\t\t\t<\/div>\n\t\t<\/section>\n\t\t\t\t<section class=\"elementor-section elementor-top-section elementor-element elementor-element-36a2715 elementor-section-boxed elementor-section-height-default elementor-section-height-default\" data-id=\"36a2715\" data-element_type=\"section\" data-e-type=\"section\">\n\t\t\t\t\t\t<div class=\"elementor-container elementor-column-gap-default\">\n\t\t\t\t\t<div class=\"elementor-column elementor-col-100 elementor-top-column elementor-element elementor-element-77e6cfa\" data-id=\"77e6cfa\" data-element_type=\"column\" data-e-type=\"column\">\n\t\t\t<div class=\"elementor-widget-wrap elementor-element-populated\">\n\t\t\t\t\t\t<div class=\"elementor-element elementor-element-932cf08 elementor-widget elementor-widget-heading\" data-id=\"932cf08\" data-element_type=\"widget\" data-e-type=\"widget\" data-widget_type=\"heading.default\">\n\t\t\t\t<div class=\"elementor-widget-container\">\n\t\t\t\t\t<h2 class=\"elementor-heading-title elementor-size-large\">Liebe Besucher, im Link finden Sie  das zweite JeKits Singen Video, das in Zusammenarbeit der Kinder der Pestalozzischule und der Sch\u00f6nwasserschule noch w\u00e4hrend des Lockdowns in diesem Jahr entstanden ist.<\/h2>\t\t\t\t<\/div>\n\t\t\t\t<\/div>\n\t\t\t\t\t<\/div>\n\t\t<\/div>\n\t\t\t\t\t<\/div>\n\t\t<\/section>\n\t\t\t\t<section class=\"elementor-section elementor-top-section elementor-element elementor-element-ce8d79a elementor-section-boxed elementor-section-height-default elementor-section-height-default\" data-id=\"ce8d79a\" data-element_type=\"section\" data-e-type=\"section\">\n\t\t\t\t\t\t<div class=\"elementor-container elementor-column-gap-default\">\n\t\t\t\t\t<div class=\"elementor-column elementor-col-100 elementor-top-column elementor-element elementor-element-84a3c6d\" data-id=\"84a3c6d\" data-element_type=\"column\" data-e-type=\"column\">\n\t\t\t<div class=\"elementor-widget-wrap elementor-element-populated\">\n\t\t\t\t\t\t<div class=\"elementor-element elementor-element-8aa18a1 elementor-widget elementor-widget-text-editor\" data-id=\"8aa18a1\" data-element_type=\"widget\" data-e-type=\"widget\" data-widget_type=\"text-editor.default\">\n\t\t\t\t<div class=\"elementor-widget-container\">\n\t\t\t\t\t\t\t\t\t<h6><a href=\"https:\/\/www.musik.krefeld.schulen.net\/index.php\/extra-s\/124-jekits-wiegenlied-fuer-kleine-drachen\">Bitte anklicken: https:\/\/www.musik.krefeld.schulen.net\/index.php\/extra-s\/124-jekits-wiegenlied-fuer-kleine-drachen<\/a><\/h6>\t\t\t\t\t\t\t\t<\/div>\n\t\t\t\t<\/div>\n\t\t\t\t\t<\/div>\n\t\t<\/div>\n\t\t\t\t\t<\/div>\n\t\t<\/section>\n\t\t\t\t<section class=\"elementor-section elementor-top-section elementor-element elementor-element-7eaa5a83 elementor-section-content-middle bubble elementor-section-boxed elementor-section-height-default elementor-section-height-default\" data-id=\"7eaa5a83\" data-element_type=\"section\" data-e-type=\"section\" data-settings=\"{&quot;background_background&quot;:&quot;classic&quot;}\">\n\t\t\t\t\t\t\t<div class=\"elementor-background-overlay\"><\/div>\n\t\t\t\t\t\t\t<div class=\"elementor-container elementor-column-gap-no\">\n\t\t\t\t\t<div class=\"elementor-column elementor-col-100 elementor-top-column elementor-element elementor-element-295cca7c\" data-id=\"295cca7c\" data-element_type=\"column\" data-e-type=\"column\">\n\t\t\t<div class=\"elementor-widget-wrap elementor-element-populated\">\n\t\t\t\t\t\t<div class=\"elementor-element elementor-element-5e69c2d elementor-widget elementor-widget-heading\" data-id=\"5e69c2d\" data-element_type=\"widget\" data-e-type=\"widget\" data-widget_type=\"heading.default\">\n\t\t\t\t<div class=\"elementor-widget-container\">\n\t\t\t\t\t<h2 class=\"elementor-heading-title elementor-size-default\">Die Pestalozzischule nimmt an diesem Programm mit dem Schwerpunkt Singen teil.<\/h2>\t\t\t\t<\/div>\n\t\t\t\t<\/div>\n\t\t\t\t\t<\/div>\n\t\t<\/div>\n\t\t\t\t\t<\/div>\n\t\t<\/section>\n\t\t\t\t<section class=\"elementor-section elementor-top-section elementor-element elementor-element-60bca8b elementor-section-boxed elementor-section-height-default elementor-section-height-default\" data-id=\"60bca8b\" data-element_type=\"section\" data-e-type=\"section\">\n\t\t\t\t\t\t<div class=\"elementor-container elementor-column-gap-default\">\n\t\t\t\t\t<div class=\"elementor-column elementor-col-50 elementor-top-column elementor-element elementor-element-3c8ac9a\" data-id=\"3c8ac9a\" data-element_type=\"column\" data-e-type=\"column\">\n\t\t\t<div class=\"elementor-widget-wrap elementor-element-populated\">\n\t\t\t\t\t\t<div class=\"elementor-element elementor-element-da9c7b7 elementor-widget elementor-widget-text-editor\" data-id=\"da9c7b7\" data-element_type=\"widget\" data-e-type=\"widget\" data-widget_type=\"text-editor.default\">\n\t\t\t\t<div class=\"elementor-widget-container\">\n\t\t\t\t\t\t\t\t\t<p>Im <strong>Schwerpunkt Singen<\/strong> erfahren die Kinder das gemeinsame Singen als k\u00fcnstlerische und \u00e4sthetische Darstellungs- und Erlebensform. Singen umfasst hier alle musikalisch-k\u00fcnstlerischen Ausdrucksweisen mit der Stimme, so auch experimentelle Formen oder die k\u00fcnstlerisch-musikalische Verwendung von Sprache.&nbsp;<span style=\"letter-spacing: 0px;\">Das erste JeKits-Jahr bietet allen Kindern einer Klasse eine musikalische Grundbildung als Einstieg in das gemeinsame Singen.<\/span><\/p>\t\t\t\t\t\t\t\t<\/div>\n\t\t\t\t<\/div>\n\t\t\t\t\t<\/div>\n\t\t<\/div>\n\t\t\t\t<div class=\"elementor-column elementor-col-50 elementor-top-column elementor-element elementor-element-04bbb92\" data-id=\"04bbb92\" data-element_type=\"column\" data-e-type=\"column\">\n\t\t\t<div class=\"elementor-widget-wrap elementor-element-populated\">\n\t\t\t\t\t\t<div class=\"elementor-element elementor-element-4894a7e elementor-widget elementor-widget-text-editor\" data-id=\"4894a7e\" data-element_type=\"widget\" data-e-type=\"widget\" data-widget_type=\"text-editor.default\">\n\t\t\t\t<div class=\"elementor-widget-container\">\n\t\t\t\t\t\t\t\t\t<p>\u00a0Die Kinder entdecken spielerisch die Welt der Musik und des Singens. Sie erleben durch erste Lieder und Stimmspiele die Vielfalt der eigenen stimmlichen M\u00f6glichkeiten und entwickeln einen ersten eigenen s\u00e4ngerisch-musikalischen Ausdruck.\u00a0Auch Instrumente \u2013 wie beispielsweise Trommeln oder Klangh\u00f6lzer \u2013 k\u00f6nnen in den k\u00fcnstlerischen Prozess einbezogen werden.<\/p><p>Am Ende des ersten JeKits-Jahres k\u00f6nnen sich die Kinder f\u00fcr eine Teilnahme am zweiten JeKits-Jahr entscheiden.<\/p>\t\t\t\t\t\t\t\t<\/div>\n\t\t\t\t<\/div>\n\t\t\t\t\t<\/div>\n\t\t<\/div>\n\t\t\t\t\t<\/div>\n\t\t<\/section>\n\t\t\t\t<section class=\"elementor-section elementor-top-section elementor-element elementor-element-c75a1a5 elementor-section-boxed elementor-section-height-default elementor-section-height-default\" data-id=\"c75a1a5\" data-element_type=\"section\" data-e-type=\"section\" data-settings=\"{&quot;background_background&quot;:&quot;classic&quot;}\">\n\t\t\t\t\t\t\t<div class=\"elementor-background-overlay\"><\/div>\n\t\t\t\t\t\t\t<div class=\"elementor-container elementor-column-gap-default\">\n\t\t\t\t\t<div class=\"elementor-column elementor-col-100 elementor-top-column elementor-element elementor-element-67ed870\" data-id=\"67ed870\" data-element_type=\"column\" data-e-type=\"column\">\n\t\t\t<div class=\"elementor-widget-wrap elementor-element-populated\">\n\t\t\t\t\t\t<div class=\"elementor-element elementor-element-ab79761 elementor-icon-list--layout-traditional elementor-list-item-link-full_width elementor-widget elementor-widget-icon-list\" data-id=\"ab79761\" data-element_type=\"widget\" data-e-type=\"widget\" data-widget_type=\"icon-list.default\">\n\t\t\t\t<div class=\"elementor-widget-container\">\n\t\t\t\t\t\t\t<ul class=\"elementor-icon-list-items\">\n\t\t\t\t\t\t\t<li class=\"elementor-icon-list-item\">\n\t\t\t\t\t\t\t\t\t\t\t<span class=\"elementor-icon-list-icon\">\n\t\t\t\t\t\t\t<i aria-hidden=\"true\" class=\"fas fa-check\"><\/i>\t\t\t\t\t\t<\/span>\n\t\t\t\t\t\t\t\t\t\t<span class=\"elementor-icon-list-text\">Jedes Kind erh\u00e4lt eine Unterrichtsstunde pro Woche im Klassenverband.<\/span>\n\t\t\t\t\t\t\t\t\t<\/li>\n\t\t\t\t\t\t\t\t<li class=\"elementor-icon-list-item\">\n\t\t\t\t\t\t\t\t\t\t\t<span class=\"elementor-icon-list-icon\">\n\t\t\t\t\t\t\t<i aria-hidden=\"true\" class=\"fas fa-check\"><\/i>\t\t\t\t\t\t<\/span>\n\t\t\t\t\t\t\t\t\t\t<span class=\"elementor-icon-list-text\">Der Unterricht wird von einem Tandem bestehend aus einer Lehrkraft der Grundschule und einer Lehrkraft des au\u00dferschulischen Bildungsspartners erteilt. <\/span>\n\t\t\t\t\t\t\t\t\t<\/li>\n\t\t\t\t\t\t\t\t<li class=\"elementor-icon-list-item\">\n\t\t\t\t\t\t\t\t\t\t\t<span class=\"elementor-icon-list-icon\">\n\t\t\t\t\t\t\t<i aria-hidden=\"true\" class=\"fas fa-check\"><\/i>\t\t\t\t\t\t<\/span>\n\t\t\t\t\t\t\t\t\t\t<span class=\"elementor-icon-list-text\">Der Unterricht findet innerhalb der Stundentafel statt.\n<\/span>\n\t\t\t\t\t\t\t\t\t<\/li>\n\t\t\t\t\t\t\t\t<li class=\"elementor-icon-list-item\">\n\t\t\t\t\t\t\t\t\t\t\t<span class=\"elementor-icon-list-icon\">\n\t\t\t\t\t\t\t<i aria-hidden=\"true\" class=\"fas fa-check\"><\/i>\t\t\t\t\t\t<\/span>\n\t\t\t\t\t\t\t\t\t\t<span class=\"elementor-icon-list-text\">Der Unterricht ist verpflichtend und kostenfrei.<span style=\"letter-spacing: 0px\"><\/span><\/span>\n\t\t\t\t\t\t\t\t\t<\/li>\n\t\t\t\t\t\t<\/ul>\n\t\t\t\t\t\t<\/div>\n\t\t\t\t<\/div>\n\t\t\t\t\t<\/div>\n\t\t<\/div>\n\t\t\t\t\t<\/div>\n\t\t<\/section>\n\t\t\t\t<section class=\"elementor-section elementor-top-section elementor-element elementor-element-1130851 elementor-section-boxed elementor-section-height-default elementor-section-height-default\" data-id=\"1130851\" data-element_type=\"section\" data-e-type=\"section\">\n\t\t\t\t\t\t<div class=\"elementor-container elementor-column-gap-default\">\n\t\t\t\t\t<div class=\"elementor-column elementor-col-50 elementor-top-column elementor-element elementor-element-276f478\" data-id=\"276f478\" data-element_type=\"column\" data-e-type=\"column\">\n\t\t\t<div class=\"elementor-widget-wrap elementor-element-populated\">\n\t\t\t\t\t\t<div class=\"elementor-element elementor-element-ee24cdb elementor-widget elementor-widget-text-editor\" data-id=\"ee24cdb\" data-element_type=\"widget\" data-e-type=\"widget\" data-widget_type=\"text-editor.default\">\n\t\t\t\t<div class=\"elementor-widget-container\">\n\t\t\t\t\t\t\t\t\t<p>Das zweite JeKits-Jahr baut auf die im ersten JeKits-Jahr gelernten Inhalte auf. Die Kinder singen im \u201eJeKits-Chor\u201c, an dem alle angemeldeten Kinder teilnehmen. Sie lernen verschiedene Liedformen wie Refrainlieder und Kanons kennen und begleiten sich mit\u00a0 Gesten und Bewegungen. Dabei erleben sie ihre Stimme als k\u00f6rpereigenes \u201eInstrument\u201c und erweitern ihre gesanglichen F\u00e4higkeiten. Sie lernen, sich stimmlich in den Chor einzubringen und erfahren sich als Teil einer Gruppe, in der sie unterschiedliche Aufgaben \u00fcbernehmen: auf den Einsatz warten, auf andere Kinder h\u00f6ren, ein Solo singen.<\/p>\t\t\t\t\t\t\t\t<\/div>\n\t\t\t\t<\/div>\n\t\t\t\t\t<\/div>\n\t\t<\/div>\n\t\t\t\t<div class=\"elementor-column elementor-col-50 elementor-top-column elementor-element elementor-element-cc8b8c0\" data-id=\"cc8b8c0\" data-element_type=\"column\" data-e-type=\"column\">\n\t\t\t<div class=\"elementor-widget-wrap elementor-element-populated\">\n\t\t\t\t\t\t<div class=\"elementor-element elementor-element-2676600 elementor-widget elementor-widget-text-editor\" data-id=\"2676600\" data-element_type=\"widget\" data-e-type=\"widget\" data-widget_type=\"text-editor.default\">\n\t\t\t\t<div class=\"elementor-widget-container\">\n\t\t\t\t\t\t\t\t\t<p>Die Stimmbildung nimmt einen wichtigen Teil des Chorsingens ein: die vielf\u00e4ltigen H\u00f6rerfahrungen und Atemtechniken bef\u00e4higen die Kinder zum Beispiel mit der Stimme Klang zu erzeugen.<\/p><p>Im Rahmen des zweiten JeKits-Jahres gestalten die Kinder eine Vorf\u00fchrung f\u00fcr Schule, Eltern, Verwandte und Freunde.<\/p>\t\t\t\t\t\t\t\t<\/div>\n\t\t\t\t<\/div>\n\t\t\t\t\t<\/div>\n\t\t<\/div>\n\t\t\t\t\t<\/div>\n\t\t<\/section>\n\t\t\t\t<section class=\"elementor-section elementor-top-section elementor-element elementor-element-68fc403 elementor-section-boxed elementor-section-height-default elementor-section-height-default\" data-id=\"68fc403\" data-element_type=\"section\" data-e-type=\"section\" data-settings=\"{&quot;background_background&quot;:&quot;classic&quot;}\">\n\t\t\t\t\t\t\t<div class=\"elementor-background-overlay\"><\/div>\n\t\t\t\t\t\t\t<div class=\"elementor-container elementor-column-gap-default\">\n\t\t\t\t\t<div class=\"elementor-column elementor-col-100 elementor-top-column elementor-element elementor-element-a32ad9c\" data-id=\"a32ad9c\" data-element_type=\"column\" data-e-type=\"column\">\n\t\t\t<div class=\"elementor-widget-wrap elementor-element-populated\">\n\t\t\t\t\t\t<div class=\"elementor-element elementor-element-73a0117 elementor-icon-list--layout-traditional elementor-list-item-link-full_width elementor-widget elementor-widget-icon-list\" data-id=\"73a0117\" data-element_type=\"widget\" data-e-type=\"widget\" data-widget_type=\"icon-list.default\">\n\t\t\t\t<div class=\"elementor-widget-container\">\n\t\t\t\t\t\t\t<ul class=\"elementor-icon-list-items\">\n\t\t\t\t\t\t\t<li class=\"elementor-icon-list-item\">\n\t\t\t\t\t\t\t\t\t\t\t<span class=\"elementor-icon-list-icon\">\n\t\t\t\t\t\t\t<i aria-hidden=\"true\" class=\"fas fa-check\"><\/i>\t\t\t\t\t\t<\/span>\n\t\t\t\t\t\t\t\t\t\t<span class=\"elementor-icon-list-text\">Jedes Kind erh\u00e4lt zwei Unterrichtsstunden im JeKits-Chor.<\/span>\n\t\t\t\t\t\t\t\t\t<\/li>\n\t\t\t\t\t\t\t\t<li class=\"elementor-icon-list-item\">\n\t\t\t\t\t\t\t\t\t\t\t<span class=\"elementor-icon-list-icon\">\n\t\t\t\t\t\t\t<i aria-hidden=\"true\" class=\"fas fa-check\"><\/i>\t\t\t\t\t\t<\/span>\n\t\t\t\t\t\t\t\t\t\t<span class=\"elementor-icon-list-text\">Der Unterricht wird von Lehrkr\u00e4ften des au\u00dferschulischen Bildungspartners erteilt.<\/span>\n\t\t\t\t\t\t\t\t\t<\/li>\n\t\t\t\t\t\t\t\t<li class=\"elementor-icon-list-item\">\n\t\t\t\t\t\t\t\t\t\t\t<span class=\"elementor-icon-list-icon\">\n\t\t\t\t\t\t\t<i aria-hidden=\"true\" class=\"fas fa-check\"><\/i>\t\t\t\t\t\t<\/span>\n\t\t\t\t\t\t\t\t\t\t<span class=\"elementor-icon-list-text\">Die Teilnahme ist freiwillig und kostenpflichtig und bedarf einer Anmeldung.<\/span>\n\t\t\t\t\t\t\t\t\t<\/li>\n\t\t\t\t\t\t<\/ul>\n\t\t\t\t\t\t<\/div>\n\t\t\t\t<\/div>\n\t\t\t\t\t<\/div>\n\t\t<\/div>\n\t\t\t\t\t<\/div>\n\t\t<\/section>\n\t\t\t\t<\/div>\n\t\t","protected":false},"excerpt":{"rendered":"<p>jekits \u201eJeKits \u2013 Jedem Kind Instrumente, Tanzen, Singen\u201c ist ein kulturelles Bildungsprogramm in Grund- und F\u00f6rderschulen des Landes Nordrhein-Westfalen. Durchgef\u00fchrt wird JeKits in Kooperation von au\u00dferschulischen Bildungspartnern wie z. B. Musikschulen oder Tanzinstitutionen und den Schulen. JeKits hat drei alternative Schwerpunkte: Instrumente, Tanzen oder Singen. Liebe Besucher, im Link finden Sie das zweite JeKits Singen Video, das in Zusammenarbeit der Kinder der Pestalozzischule und der Sch\u00f6nwasserschule noch w\u00e4hrend des Lockdowns in diesem Jahr entstanden ist. Bitte anklicken: https:\/\/www.musik.krefeld.schulen.net\/index.php\/extra-s\/124-jekits-wiegenlied-fuer-kleine-drachen Die Pestalozzischule nimmt an diesem Programm mit dem Schwerpunkt Singen teil. Im Schwerpunkt Singen erfahren die Kinder das gemeinsame Singen als k\u00fcnstlerische und \u00e4sthetische Darstellungs- und Erlebensform. Singen umfasst hier alle musikalisch-k\u00fcnstlerischen Ausdrucksweisen mit der Stimme, so auch experimentelle Formen oder die k\u00fcnstlerisch-musikalische Verwendung von Sprache.&nbsp;Das erste JeKits-Jahr bietet allen Kindern einer Klasse eine musikalische Grundbildung als Einstieg in das gemeinsame Singen. \u00a0Die Kinder entdecken spielerisch die Welt der Musik und des Singens. Sie erleben durch erste Lieder und Stimmspiele die Vielfalt der eigenen stimmlichen M\u00f6glichkeiten und entwickeln einen ersten eigenen s\u00e4ngerisch-musikalischen Ausdruck.\u00a0Auch Instrumente \u2013 wie beispielsweise Trommeln oder Klangh\u00f6lzer \u2013 k\u00f6nnen in den k\u00fcnstlerischen Prozess einbezogen werden. Am Ende des ersten JeKits-Jahres k\u00f6nnen sich die Kinder f\u00fcr eine Teilnahme am zweiten JeKits-Jahr entscheiden. Jedes Kind erh\u00e4lt eine Unterrichtsstunde pro Woche im Klassenverband. Der Unterricht wird von einem Tandem bestehend aus einer Lehrkraft der Grundschule und einer Lehrkraft des au\u00dferschulischen Bildungsspartners erteilt. Der Unterricht findet innerhalb der Stundentafel statt. Der Unterricht ist verpflichtend und kostenfrei. Das zweite JeKits-Jahr baut auf die im ersten JeKits-Jahr gelernten Inhalte auf. Die Kinder singen im \u201eJeKits-Chor\u201c, an dem alle angemeldeten Kinder teilnehmen. Sie lernen verschiedene Liedformen wie Refrainlieder und Kanons kennen und begleiten sich mit\u00a0 Gesten und Bewegungen. Dabei erleben sie ihre Stimme als k\u00f6rpereigenes \u201eInstrument\u201c und erweitern ihre gesanglichen F\u00e4higkeiten. Sie lernen, sich stimmlich in den Chor einzubringen und erfahren sich als Teil einer Gruppe, in der sie unterschiedliche Aufgaben \u00fcbernehmen: auf den Einsatz warten, auf andere Kinder h\u00f6ren, ein Solo singen. Die Stimmbildung nimmt einen wichtigen Teil des Chorsingens ein: die vielf\u00e4ltigen H\u00f6rerfahrungen und Atemtechniken bef\u00e4higen die Kinder zum Beispiel mit der Stimme Klang zu erzeugen. Im Rahmen des zweiten JeKits-Jahres gestalten die Kinder eine Vorf\u00fchrung f\u00fcr Schule, Eltern, Verwandte und Freunde. Jedes Kind erh\u00e4lt zwei Unterrichtsstunden im JeKits-Chor. Der Unterricht wird von Lehrkr\u00e4ften des au\u00dferschulischen Bildungspartners erteilt. Die Teilnahme ist freiwillig und kostenpflichtig und bedarf einer Anmeldung.<\/p>\n","protected":false},"author":9,"featured_media":0,"parent":0,"menu_order":0,"comment_status":"closed","ping_status":"closed","template":"","meta":{"footnotes":""},"class_list":["post-171","page","type-page","status-publish","hentry"],"_links":{"self":[{"href":"https:\/\/www.pestalozzischule-krefeld.de\/index.php\/wp-json\/wp\/v2\/pages\/171","targetHints":{"allow":["GET"]}}],"collection":[{"href":"https:\/\/www.pestalozzischule-krefeld.de\/index.php\/wp-json\/wp\/v2\/pages"}],"about":[{"href":"https:\/\/www.pestalozzischule-krefeld.de\/index.php\/wp-json\/wp\/v2\/types\/page"}],"author":[{"embeddable":true,"href":"https:\/\/www.pestalozzischule-krefeld.de\/index.php\/wp-json\/wp\/v2\/users\/9"}],"replies":[{"embeddable":true,"href":"https:\/\/www.pestalozzischule-krefeld.de\/index.php\/wp-json\/wp\/v2\/comments?post=171"}],"version-history":[{"count":4,"href":"https:\/\/www.pestalozzischule-krefeld.de\/index.php\/wp-json\/wp\/v2\/pages\/171\/revisions"}],"predecessor-version":[{"id":3122,"href":"https:\/\/www.pestalozzischule-krefeld.de\/index.php\/wp-json\/wp\/v2\/pages\/171\/revisions\/3122"}],"wp:attachment":[{"href":"https:\/\/www.pestalozzischule-krefeld.de\/index.php\/wp-json\/wp\/v2\/media?parent=171"}],"curies":[{"name":"wp","href":"https:\/\/api.w.org\/{rel}","templated":true}]}}