{"id":2003,"date":"2020-09-29T13:37:02","date_gmt":"2020-09-29T11:37:02","guid":{"rendered":"https:\/\/www.pestalozzischule-krefeld.de\/?page_id=2003"},"modified":"2026-01-27T08:18:33","modified_gmt":"2026-01-27T07:18:33","slug":"downloads","status":"publish","type":"page","link":"https:\/\/www.pestalozzischule-krefeld.de\/index.php\/downloads\/","title":{"rendered":"Downloads"},"content":{"rendered":"\t\t<div data-elementor-type=\"wp-page\" data-elementor-id=\"2003\" class=\"elementor elementor-2003\">\n\t\t\t\t\t\t<section class=\"elementor-section elementor-top-section elementor-element elementor-element-22af4523 elementor-section-content-middle elementor-section-boxed elementor-section-height-default elementor-section-height-default\" data-id=\"22af4523\" data-element_type=\"section\" data-e-type=\"section\" data-settings=\"{&quot;background_background&quot;:&quot;classic&quot;}\">\n\t\t\t\t\t\t<div class=\"elementor-container elementor-column-gap-no\">\n\t\t\t\t\t<div class=\"elementor-column elementor-col-100 elementor-top-column elementor-element elementor-element-35aca50b\" data-id=\"35aca50b\" data-element_type=\"column\" data-e-type=\"column\">\n\t\t\t<div class=\"elementor-widget-wrap elementor-element-populated\">\n\t\t\t\t\t\t<div class=\"elementor-element elementor-element-5f95fcb2 elementor-widget elementor-widget-heading\" data-id=\"5f95fcb2\" data-element_type=\"widget\" data-e-type=\"widget\" data-widget_type=\"heading.default\">\n\t\t\t\t<div class=\"elementor-widget-container\">\n\t\t\t\t\t<h4 class=\"elementor-heading-title elementor-size-default\">Downloads<\/h4>\t\t\t\t<\/div>\n\t\t\t\t<\/div>\n\t\t\t\t<div class=\"elementor-element elementor-element-aaacb25 elementor-widget-divider--view-line elementor-widget elementor-widget-divider\" data-id=\"aaacb25\" data-element_type=\"widget\" data-e-type=\"widget\" data-widget_type=\"divider.default\">\n\t\t\t\t<div class=\"elementor-widget-container\">\n\t\t\t\t\t\t\t<div class=\"elementor-divider\">\n\t\t\t<span class=\"elementor-divider-separator\">\n\t\t\t\t\t\t<\/span>\n\t\t<\/div>\n\t\t\t\t\t\t<\/div>\n\t\t\t\t<\/div>\n\t\t\t\t\t<\/div>\n\t\t<\/div>\n\t\t\t\t\t<\/div>\n\t\t<\/section>\n\t\t\t\t<section class=\"elementor-section elementor-inner-section elementor-element elementor-element-c24aa9a elementor-section-boxed elementor-section-height-default elementor-section-height-default\" data-id=\"c24aa9a\" data-element_type=\"section\" data-e-type=\"section\">\n\t\t\t\t\t\t<div class=\"elementor-container elementor-column-gap-default\">\n\t\t\t\t\t<div class=\"elementor-column elementor-col-50 elementor-inner-column elementor-element elementor-element-1046fba\" data-id=\"1046fba\" data-element_type=\"column\" data-e-type=\"column\">\n\t\t\t<div class=\"elementor-widget-wrap elementor-element-populated\">\n\t\t\t\t\t\t<div class=\"elementor-element elementor-element-fdcf525 elementor-widget elementor-widget-testimonial\" data-id=\"fdcf525\" data-element_type=\"widget\" data-e-type=\"widget\" data-widget_type=\"testimonial.default\">\n\t\t\t\t<div class=\"elementor-widget-container\">\n\t\t\t\t\t\t\t<div class=\"elementor-testimonial-wrapper\">\n\t\t\t\t\t\t\t<div class=\"elementor-testimonial-content\">Hier finden Sie die Anmeldung f\u00fcr die Osterferienbetreuung 2026 <br>im Offenen Ganztag der Pestalozzischule.\n<b><br><u>Abgabe bis sp\u00e4testens 11.03.2026<\/u> <\/b><br>(Fr\u00fcheste Abgabe ab 23.02.2026) <br>Die \u00d6ffnungszeiten in den Ferien sind montags bis donnerstags von 7:30 Uhr bis 16:15 Uhr und freitags von 7:30 Uhr bis 15:00 Uhr.<\/div>\n\t\t\t\n\t\t\t\t\t\t<div class=\"elementor-testimonial-meta elementor-has-image elementor-testimonial-image-position-aside\">\n\t\t\t\t<div class=\"elementor-testimonial-meta-inner\">\n\t\t\t\t\t\t\t\t\t\t\t<div class=\"elementor-testimonial-image\">\n\t\t\t\t\t\t\t<a href=\"https:\/\/www.pestalozzischule-krefeld.de\/wp-content\/uploads\/2024\/02\/Herbstferienantrag-2024.pdf\"><img decoding=\"async\" width=\"64\" height=\"64\" src=\"https:\/\/www.pestalozzischule-krefeld.de\/wp-content\/uploads\/2019\/11\/Sommerferien.png\" class=\"attachment-full size-full wp-image-655\" alt=\"\" \/><\/a>\t\t\t\t\t\t<\/div>\n\t\t\t\t\t\n\t\t\t\t\t\t\t\t\t\t<div class=\"elementor-testimonial-details\">\n\t\t\t\t\t\t\t\t\t\t\t\t\t\t<a class=\"elementor-testimonial-name\" href=\"https:\/\/www.pestalozzischule-krefeld.de\/wp-content\/uploads\/2024\/02\/Herbstferienantrag-2024.pdf\">Antrag auf Ferienbetreuung<\/a>\n\t\t\t\t\t\t\t\t\t\t\t\t\t\t\t\t\t\t\t\t\t\t<a class=\"elementor-testimonial-job\" href=\"https:\/\/www.pestalozzischule-krefeld.de\/wp-content\/uploads\/2024\/02\/Herbstferienantrag-2024.pdf\">Formular Osterferien 2026<\/a>\n\t\t\t\t\t\t\t\t\t\t\t\t\t<\/div>\n\t\t\t\t\t\t\t\t\t<\/div>\n\t\t\t<\/div>\n\t\t\t\t\t<\/div>\n\t\t\t\t\t\t<\/div>\n\t\t\t\t<\/div>\n\t\t\t\t<div class=\"elementor-element elementor-element-c445ca5 elementor-align-center elementor-mobile-align-center elementor-widget elementor-widget-button\" data-id=\"c445ca5\" data-element_type=\"widget\" data-e-type=\"widget\" data-widget_type=\"button.default\">\n\t\t\t\t<div class=\"elementor-widget-container\">\n\t\t\t\t\t\t\t\t\t<div class=\"elementor-button-wrapper\">\n\t\t\t\t\t<a class=\"elementor-button elementor-button-link elementor-size-sm\" href=\"https:\/\/www.pestalozzischule-krefeld.de\/wp-content\/uploads\/2026\/01\/Ferienanmeldung-Osterferien-PDF.pdf\">\n\t\t\t\t\t\t<span class=\"elementor-button-content-wrapper\">\n\t\t\t\t\t\t\t\t\t<span class=\"elementor-button-text\">Hier Klicken<\/span>\n\t\t\t\t\t<\/span>\n\t\t\t\t\t<\/a>\n\t\t\t\t<\/div>\n\t\t\t\t\t\t\t\t<\/div>\n\t\t\t\t<\/div>\n\t\t\t\t\t<\/div>\n\t\t<\/div>\n\t\t\t\t<div class=\"elementor-column elementor-col-50 elementor-inner-column elementor-element elementor-element-b3ef535\" data-id=\"b3ef535\" data-element_type=\"column\" data-e-type=\"column\">\n\t\t\t<div class=\"elementor-widget-wrap elementor-element-populated\">\n\t\t\t\t\t\t<div class=\"elementor-element elementor-element-32d8059 elementor-widget elementor-widget-testimonial\" data-id=\"32d8059\" data-element_type=\"widget\" data-e-type=\"widget\" data-widget_type=\"testimonial.default\">\n\t\t\t\t<div class=\"elementor-widget-container\">\n\t\t\t\t\t\t\t<div class=\"elementor-testimonial-wrapper\">\n\t\t\t\t\t\t\t<div class=\"elementor-testimonial-content\">Hier finden Sie die Anmeldung f\u00fcr die Sommerferienbetreuung 2026 <br>im Offenen Ganztag der Pestalozzischule.\n<span style=\"font-weight: 700\"><br><u>Abgabe bis sp\u00e4testens 19.06.2026<\/u> <\/span><br>(Fr\u00fcheste Abgabe ab 01.06.2026) <br>Die \u00d6ffnungszeiten in den Ferien sind montags bis donnerstags von 7:30 Uhr bis 16:15 Uhr und freitags von 7:30 Uhr bis 15:00 Uhr.<\/div>\n\t\t\t\n\t\t\t\t\t\t<div class=\"elementor-testimonial-meta elementor-has-image elementor-testimonial-image-position-aside\">\n\t\t\t\t<div class=\"elementor-testimonial-meta-inner\">\n\t\t\t\t\t\t\t\t\t\t\t<div class=\"elementor-testimonial-image\">\n\t\t\t\t\t\t\t<a href=\"https:\/\/www.pestalozzischule-krefeld.de\/wp-content\/uploads\/2024\/02\/Herbstferienantrag-2024.pdf\"><img decoding=\"async\" width=\"64\" height=\"64\" src=\"https:\/\/www.pestalozzischule-krefeld.de\/wp-content\/uploads\/2019\/11\/Sommerferien.png\" class=\"attachment-full size-full wp-image-655\" alt=\"\" \/><\/a>\t\t\t\t\t\t<\/div>\n\t\t\t\t\t\n\t\t\t\t\t\t\t\t\t\t<div class=\"elementor-testimonial-details\">\n\t\t\t\t\t\t\t\t\t\t\t\t\t\t<a class=\"elementor-testimonial-name\" href=\"https:\/\/www.pestalozzischule-krefeld.de\/wp-content\/uploads\/2024\/02\/Herbstferienantrag-2024.pdf\">Antrag auf Ferienbetreuung<\/a>\n\t\t\t\t\t\t\t\t\t\t\t\t\t\t\t\t\t\t\t\t\t\t<a class=\"elementor-testimonial-job\" href=\"https:\/\/www.pestalozzischule-krefeld.de\/wp-content\/uploads\/2024\/02\/Herbstferienantrag-2024.pdf\">Formular Sommerferien 2026<\/a>\n\t\t\t\t\t\t\t\t\t\t\t\t\t<\/div>\n\t\t\t\t\t\t\t\t\t<\/div>\n\t\t\t<\/div>\n\t\t\t\t\t<\/div>\n\t\t\t\t\t\t<\/div>\n\t\t\t\t<\/div>\n\t\t\t\t<div class=\"elementor-element elementor-element-d4c454a elementor-align-center elementor-mobile-align-center elementor-widget elementor-widget-button\" data-id=\"d4c454a\" data-element_type=\"widget\" data-e-type=\"widget\" data-widget_type=\"button.default\">\n\t\t\t\t<div class=\"elementor-widget-container\">\n\t\t\t\t\t\t\t\t\t<div class=\"elementor-button-wrapper\">\n\t\t\t\t\t<a class=\"elementor-button elementor-button-link elementor-size-sm\" href=\"https:\/\/www.pestalozzischule-krefeld.de\/wp-content\/uploads\/2026\/01\/Ferienanmeldung-Sommerferien-PDF.pdf\">\n\t\t\t\t\t\t<span class=\"elementor-button-content-wrapper\">\n\t\t\t\t\t\t\t\t\t<span class=\"elementor-button-text\">Hier Klicken<\/span>\n\t\t\t\t\t<\/span>\n\t\t\t\t\t<\/a>\n\t\t\t\t<\/div>\n\t\t\t\t\t\t\t\t<\/div>\n\t\t\t\t<\/div>\n\t\t\t\t\t<\/div>\n\t\t<\/div>\n\t\t\t\t\t<\/div>\n\t\t<\/section>\n\t\t\t\t<section class=\"elementor-section elementor-inner-section elementor-element elementor-element-28bb1518 elementor-section-boxed elementor-section-height-default elementor-section-height-default\" data-id=\"28bb1518\" data-element_type=\"section\" data-e-type=\"section\">\n\t\t\t\t\t\t<div class=\"elementor-container elementor-column-gap-default\">\n\t\t\t\t\t<div class=\"elementor-column elementor-col-50 elementor-inner-column elementor-element elementor-element-30ec3ae5\" data-id=\"30ec3ae5\" data-element_type=\"column\" data-e-type=\"column\">\n\t\t\t<div class=\"elementor-widget-wrap elementor-element-populated\">\n\t\t\t\t\t\t<div class=\"elementor-element elementor-element-56c2d4fd elementor-widget elementor-widget-testimonial\" data-id=\"56c2d4fd\" data-element_type=\"widget\" data-e-type=\"widget\" data-widget_type=\"testimonial.default\">\n\t\t\t\t<div class=\"elementor-widget-container\">\n\t\t\t\t\t\t\t<div class=\"elementor-testimonial-wrapper\">\n\t\t\t\t\t\t\t<div class=\"elementor-testimonial-content\">Handys und Smart Watches sind w\u00e4hrend der gesamten Unterrichtszeit der Sch\u00fclerinnenund Sch\u00fcler in der Schule ausgeschaltet. Eine Stummschaltung reicht nicht aus.<\/div>\n\t\t\t\n\t\t\t\t\t\t<div class=\"elementor-testimonial-meta elementor-has-image elementor-testimonial-image-position-aside\">\n\t\t\t\t<div class=\"elementor-testimonial-meta-inner\">\n\t\t\t\t\t\t\t\t\t\t\t<div class=\"elementor-testimonial-image\">\n\t\t\t\t\t\t\t<img fetchpriority=\"high\" decoding=\"async\" width=\"873\" height=\"1280\" src=\"https:\/\/www.pestalozzischule-krefeld.de\/wp-content\/uploads\/2020\/09\/watch-2649380_1280.png\" class=\"attachment-full size-full wp-image-1969\" alt=\"\" srcset=\"https:\/\/www.pestalozzischule-krefeld.de\/wp-content\/uploads\/2020\/09\/watch-2649380_1280.png 873w, https:\/\/www.pestalozzischule-krefeld.de\/wp-content\/uploads\/2020\/09\/watch-2649380_1280-205x300.png 205w, https:\/\/www.pestalozzischule-krefeld.de\/wp-content\/uploads\/2020\/09\/watch-2649380_1280-698x1024.png 698w, https:\/\/www.pestalozzischule-krefeld.de\/wp-content\/uploads\/2020\/09\/watch-2649380_1280-768x1126.png 768w\" sizes=\"(max-width: 873px) 100vw, 873px\" \/>\t\t\t\t\t\t<\/div>\n\t\t\t\t\t\n\t\t\t\t\t\t\t\t\t\t<div class=\"elementor-testimonial-details\">\n\t\t\t\t\t\t\t\t\t\t\t\t\t\t<div class=\"elementor-testimonial-name\">Handys und Smartwatches<\/div>\n\t\t\t\t\t\t\t\t\t\t\t\t\t\t\t\t\t\t\t\t\t\t<div class=\"elementor-testimonial-job\">Einverst\u00e4ndniserkl\u00e4rung<\/div>\n\t\t\t\t\t\t\t\t\t\t\t\t\t<\/div>\n\t\t\t\t\t\t\t\t\t<\/div>\n\t\t\t<\/div>\n\t\t\t\t\t<\/div>\n\t\t\t\t\t\t<\/div>\n\t\t\t\t<\/div>\n\t\t\t\t<div class=\"elementor-element elementor-element-5133bb31 elementor-align-center elementor-mobile-align-center elementor-widget elementor-widget-button\" data-id=\"5133bb31\" data-element_type=\"widget\" data-e-type=\"widget\" data-widget_type=\"button.default\">\n\t\t\t\t<div class=\"elementor-widget-container\">\n\t\t\t\t\t\t\t\t\t<div class=\"elementor-button-wrapper\">\n\t\t\t\t\t<a class=\"elementor-button elementor-button-link elementor-size-sm\" href=\"https:\/\/www.pestalozzischule-krefeld.de\/wp-content\/uploads\/2025\/05\/Handy-und-SmartWatch-Ordnung.pdf\">\n\t\t\t\t\t\t<span class=\"elementor-button-content-wrapper\">\n\t\t\t\t\t\t\t\t\t<span class=\"elementor-button-text\">Hier Klicken<\/span>\n\t\t\t\t\t<\/span>\n\t\t\t\t\t<\/a>\n\t\t\t\t<\/div>\n\t\t\t\t\t\t\t\t<\/div>\n\t\t\t\t<\/div>\n\t\t\t\t\t<\/div>\n\t\t<\/div>\n\t\t\t\t<div class=\"elementor-column elementor-col-50 elementor-inner-column elementor-element elementor-element-33ae6d2d\" data-id=\"33ae6d2d\" data-element_type=\"column\" data-e-type=\"column\" data-settings=\"{&quot;background_background&quot;:&quot;classic&quot;}\">\n\t\t\t<div class=\"elementor-widget-wrap elementor-element-populated\">\n\t\t\t\t\t\t<div class=\"elementor-element elementor-element-14a15d0a elementor-widget elementor-widget-testimonial\" data-id=\"14a15d0a\" data-element_type=\"widget\" data-e-type=\"widget\" data-widget_type=\"testimonial.default\">\n\t\t\t\t<div class=\"elementor-widget-container\">\n\t\t\t\t\t\t\t<div class=\"elementor-testimonial-wrapper\">\n\t\t\t\t\t\t\t<div class=\"elementor-testimonial-content\">Wir bitten um Ihre Hilfe!\nWenn Sie noch kein Mitglied des F\u00f6rdervereins der Pestalozzischule sind, treten Sie bei (der Mindestbeitrag betr\u00e4gt nur 1\u20ac im Monat)...<\/div>\n\t\t\t\n\t\t\t\t\t\t<div class=\"elementor-testimonial-meta elementor-has-image elementor-testimonial-image-position-aside\">\n\t\t\t\t<div class=\"elementor-testimonial-meta-inner\">\n\t\t\t\t\t\t\t\t\t\t\t<div class=\"elementor-testimonial-image\">\n\t\t\t\t\t\t\t<img decoding=\"async\" width=\"800\" height=\"600\" src=\"https:\/\/www.pestalozzischule-krefeld.de\/wp-content\/uploads\/2020\/09\/f\u00f6rderverein4.png\" class=\"attachment-full size-full wp-image-1992\" alt=\"\" srcset=\"https:\/\/www.pestalozzischule-krefeld.de\/wp-content\/uploads\/2020\/09\/f\u00f6rderverein4.png 800w, https:\/\/www.pestalozzischule-krefeld.de\/wp-content\/uploads\/2020\/09\/f\u00f6rderverein4-300x225.png 300w, https:\/\/www.pestalozzischule-krefeld.de\/wp-content\/uploads\/2020\/09\/f\u00f6rderverein4-768x576.png 768w\" sizes=\"(max-width: 800px) 100vw, 800px\" \/>\t\t\t\t\t\t<\/div>\n\t\t\t\t\t\n\t\t\t\t\t\t\t\t\t\t<div class=\"elementor-testimonial-details\">\n\t\t\t\t\t\t\t\t\t\t\t\t\t\t<div class=\"elementor-testimonial-name\">Beitritts-erkl\u00e4rung<\/div>\n\t\t\t\t\t\t\t\t\t\t\t\t\t\t\t\t\t\t\t\t\t\t<div class=\"elementor-testimonial-job\">Antrag<\/div>\n\t\t\t\t\t\t\t\t\t\t\t\t\t<\/div>\n\t\t\t\t\t\t\t\t\t<\/div>\n\t\t\t<\/div>\n\t\t\t\t\t<\/div>\n\t\t\t\t\t\t<\/div>\n\t\t\t\t<\/div>\n\t\t\t\t<div class=\"elementor-element elementor-element-7d91b929 elementor-align-center elementor-mobile-align-center elementor-widget elementor-widget-button\" data-id=\"7d91b929\" data-element_type=\"widget\" data-e-type=\"widget\" data-widget_type=\"button.default\">\n\t\t\t\t<div class=\"elementor-widget-container\">\n\t\t\t\t\t\t\t\t\t<div class=\"elementor-button-wrapper\">\n\t\t\t\t\t<a class=\"elementor-button elementor-button-link elementor-size-sm\" href=\"https:\/\/www.pestalozzischule-krefeld.de\/wp-content\/uploads\/2026\/01\/Beitrittserklaerung-2026.pdf\">\n\t\t\t\t\t\t<span class=\"elementor-button-content-wrapper\">\n\t\t\t\t\t\t\t\t\t<span class=\"elementor-button-text\">Hier Klicken<\/span>\n\t\t\t\t\t<\/span>\n\t\t\t\t\t<\/a>\n\t\t\t\t<\/div>\n\t\t\t\t\t\t\t\t<\/div>\n\t\t\t\t<\/div>\n\t\t\t\t\t<\/div>\n\t\t<\/div>\n\t\t\t\t\t<\/div>\n\t\t<\/section>\n\t\t\t\t<section class=\"elementor-section elementor-inner-section elementor-element elementor-element-fa11a4f elementor-section-boxed elementor-section-height-default elementor-section-height-default\" data-id=\"fa11a4f\" data-element_type=\"section\" data-e-type=\"section\">\n\t\t\t\t\t\t<div class=\"elementor-container elementor-column-gap-default\">\n\t\t\t\t\t<div class=\"elementor-column elementor-col-50 elementor-inner-column elementor-element elementor-element-960f59c\" data-id=\"960f59c\" data-element_type=\"column\" data-e-type=\"column\">\n\t\t\t<div class=\"elementor-widget-wrap elementor-element-populated\">\n\t\t\t\t\t\t<div class=\"elementor-element elementor-element-4fd2cc4 elementor-widget elementor-widget-testimonial\" data-id=\"4fd2cc4\" data-element_type=\"widget\" data-e-type=\"widget\" data-widget_type=\"testimonial.default\">\n\t\t\t\t<div class=\"elementor-widget-container\">\n\t\t\t\t\t\t\t<div class=\"elementor-testimonial-wrapper\">\n\t\t\t\t\t\t\t<div class=\"elementor-testimonial-content\">Hier finden Sie ein Informationsschreiben der Stadt Krefeld zum Kopflausbefall. Sollte ihr Kind von Kopfl\u00e4usen befallen sein, darf es die Schule nicht besuchen. Eine Erkrankung oder der Verdacht darauf muss der Schule unverz\u00fcglich mitgeteilt werden. <br>Bitte geben Sie die folgende Erkl\u00e4rung (oder eine Bescheinigung des behandelnden Arztes) in der Schule ab, wenn ihr Kind wieder zum Unterricht erscheint. <\/div>\n\t\t\t\n\t\t\t\t\t\t<div class=\"elementor-testimonial-meta elementor-has-image elementor-testimonial-image-position-aside\">\n\t\t\t\t<div class=\"elementor-testimonial-meta-inner\">\n\t\t\t\t\t\t\t\t\t\t\t<div class=\"elementor-testimonial-image\">\n\t\t\t\t\t\t\t<a href=\"https:\/\/www.pestalozzischule-krefeld.de\/wp-content\/uploads\/2022\/02\/Herbstferienantrag-2.docx\"><img loading=\"lazy\" decoding=\"async\" width=\"224\" height=\"225\" src=\"https:\/\/www.pestalozzischule-krefeld.de\/wp-content\/uploads\/2023\/04\/info.jpg\" class=\"attachment-full size-full wp-image-5331\" alt=\"\" srcset=\"https:\/\/www.pestalozzischule-krefeld.de\/wp-content\/uploads\/2023\/04\/info.jpg 224w, https:\/\/www.pestalozzischule-krefeld.de\/wp-content\/uploads\/2023\/04\/info-150x150.jpg 150w, https:\/\/www.pestalozzischule-krefeld.de\/wp-content\/uploads\/2023\/04\/info-75x75.jpg 75w\" sizes=\"(max-width: 224px) 100vw, 224px\" \/><\/a>\t\t\t\t\t\t<\/div>\n\t\t\t\t\t\n\t\t\t\t\t\t\t\t\t\t<div class=\"elementor-testimonial-details\">\n\t\t\t\t\t\t\t\t\t\t\t\t\t\t<a class=\"elementor-testimonial-name\" href=\"https:\/\/www.pestalozzischule-krefeld.de\/wp-content\/uploads\/2022\/02\/Herbstferienantrag-2.docx\">Kopflausbefall<\/a>\n\t\t\t\t\t\t\t\t\t\t\t\t\t\t\t\t\t\t\t\t\t\t<a class=\"elementor-testimonial-job\" href=\"https:\/\/www.pestalozzischule-krefeld.de\/wp-content\/uploads\/2022\/02\/Herbstferienantrag-2.docx\">Information der Stadt Krefeld<\/a>\n\t\t\t\t\t\t\t\t\t\t\t\t\t<\/div>\n\t\t\t\t\t\t\t\t\t<\/div>\n\t\t\t<\/div>\n\t\t\t\t\t<\/div>\n\t\t\t\t\t\t<\/div>\n\t\t\t\t<\/div>\n\t\t\t\t<div class=\"elementor-element elementor-element-aae26ae elementor-align-center elementor-widget elementor-widget-button\" data-id=\"aae26ae\" data-element_type=\"widget\" data-e-type=\"widget\" data-widget_type=\"button.default\">\n\t\t\t\t<div class=\"elementor-widget-container\">\n\t\t\t\t\t\t\t\t\t<div class=\"elementor-button-wrapper\">\n\t\t\t\t\t<a class=\"elementor-button elementor-button-link elementor-size-sm\" href=\"https:\/\/www.pestalozzischule-krefeld.de\/wp-content\/uploads\/2023\/04\/\u00a734-IfSG-Elternbrief-Kopflaeuse-Januar-2023.pdf\">\n\t\t\t\t\t\t<span class=\"elementor-button-content-wrapper\">\n\t\t\t\t\t\t\t\t\t<span class=\"elementor-button-text\">Hier Klicken<\/span>\n\t\t\t\t\t<\/span>\n\t\t\t\t\t<\/a>\n\t\t\t\t<\/div>\n\t\t\t\t\t\t\t\t<\/div>\n\t\t\t\t<\/div>\n\t\t\t\t\t<\/div>\n\t\t<\/div>\n\t\t\t\t<div class=\"elementor-column elementor-col-50 elementor-inner-column elementor-element elementor-element-4760094\" data-id=\"4760094\" data-element_type=\"column\" data-e-type=\"column\">\n\t\t\t<div class=\"elementor-widget-wrap elementor-element-populated\">\n\t\t\t\t\t\t<div class=\"elementor-element elementor-element-e0f5061 elementor-widget elementor-widget-testimonial\" data-id=\"e0f5061\" data-element_type=\"widget\" data-e-type=\"widget\" data-widget_type=\"testimonial.default\">\n\t\t\t\t<div class=\"elementor-widget-container\">\n\t\t\t\t\t\t\t<div class=\"elementor-testimonial-wrapper\">\n\t\t\t\t\t\t\t<div class=\"elementor-testimonial-content\">Hier finden Sie ein Informationsschreiben der Stadt Krefeld zum Kr\u00e4tzemilbenbefall (Scabies). Sollte ihr Kind am Kr\u00e4tzemilbenbefall leiden, darf es die Schule nicht besuchen. Eine Erkrankung oder der Verdacht darauf muss der Schule unverz\u00fcglich mitgeteilt werden.<br><br><br><br><\/div>\n\t\t\t\n\t\t\t\t\t\t<div class=\"elementor-testimonial-meta elementor-has-image elementor-testimonial-image-position-aside\">\n\t\t\t\t<div class=\"elementor-testimonial-meta-inner\">\n\t\t\t\t\t\t\t\t\t\t\t<div class=\"elementor-testimonial-image\">\n\t\t\t\t\t\t\t<a href=\"https:\/\/www.pestalozzischule-krefeld.de\/wp-content\/uploads\/2022\/02\/Herbstferienantrag-2.docx\"><img loading=\"lazy\" decoding=\"async\" width=\"224\" height=\"225\" src=\"https:\/\/www.pestalozzischule-krefeld.de\/wp-content\/uploads\/2023\/04\/info.jpg\" class=\"attachment-full size-full wp-image-5331\" alt=\"\" srcset=\"https:\/\/www.pestalozzischule-krefeld.de\/wp-content\/uploads\/2023\/04\/info.jpg 224w, https:\/\/www.pestalozzischule-krefeld.de\/wp-content\/uploads\/2023\/04\/info-150x150.jpg 150w, https:\/\/www.pestalozzischule-krefeld.de\/wp-content\/uploads\/2023\/04\/info-75x75.jpg 75w\" sizes=\"(max-width: 224px) 100vw, 224px\" \/><\/a>\t\t\t\t\t\t<\/div>\n\t\t\t\t\t\n\t\t\t\t\t\t\t\t\t\t<div class=\"elementor-testimonial-details\">\n\t\t\t\t\t\t\t\t\t\t\t\t\t\t<a class=\"elementor-testimonial-name\" href=\"https:\/\/www.pestalozzischule-krefeld.de\/wp-content\/uploads\/2022\/02\/Herbstferienantrag-2.docx\">Kr\u00e4tzemilbenbefall<\/a>\n\t\t\t\t\t\t\t\t\t\t\t\t\t\t\t\t\t\t\t\t\t\t<a class=\"elementor-testimonial-job\" href=\"https:\/\/www.pestalozzischule-krefeld.de\/wp-content\/uploads\/2022\/02\/Herbstferienantrag-2.docx\">Information der Stadt Krefeld<\/a>\n\t\t\t\t\t\t\t\t\t\t\t\t\t<\/div>\n\t\t\t\t\t\t\t\t\t<\/div>\n\t\t\t<\/div>\n\t\t\t\t\t<\/div>\n\t\t\t\t\t\t<\/div>\n\t\t\t\t<\/div>\n\t\t\t\t<div class=\"elementor-element elementor-element-147f996 elementor-align-center elementor-widget elementor-widget-button\" data-id=\"147f996\" data-element_type=\"widget\" data-e-type=\"widget\" data-widget_type=\"button.default\">\n\t\t\t\t<div class=\"elementor-widget-container\">\n\t\t\t\t\t\t\t\t\t<div class=\"elementor-button-wrapper\">\n\t\t\t\t\t<a class=\"elementor-button elementor-button-link elementor-size-sm\" href=\"https:\/\/www.pestalozzischule-krefeld.de\/wp-content\/uploads\/2023\/04\/\u00a734-IfSG-Infobrief-Scabies-Januar-2023.pdf\">\n\t\t\t\t\t\t<span class=\"elementor-button-content-wrapper\">\n\t\t\t\t\t\t\t\t\t<span class=\"elementor-button-text\">Hier Klicken<\/span>\n\t\t\t\t\t<\/span>\n\t\t\t\t\t<\/a>\n\t\t\t\t<\/div>\n\t\t\t\t\t\t\t\t<\/div>\n\t\t\t\t<\/div>\n\t\t\t\t\t<\/div>\n\t\t<\/div>\n\t\t\t\t\t<\/div>\n\t\t<\/section>\n\t\t\t\t<\/div>\n\t\t","protected":false},"excerpt":{"rendered":"<p>Downloads Hier finden Sie die Anmeldung f\u00fcr die Osterferienbetreuung 2026 im Offenen Ganztag der Pestalozzischule. Abgabe bis sp\u00e4testens 11.03.2026 (Fr\u00fcheste Abgabe ab 23.02.2026) Die \u00d6ffnungszeiten in den Ferien sind montags bis donnerstags von 7:30 Uhr bis 16:15 Uhr und freitags von 7:30 Uhr bis 15:00 Uhr. Antrag auf Ferienbetreuung Formular Osterferien 2026 Hier Klicken Hier finden Sie die Anmeldung f\u00fcr die Sommerferienbetreuung 2026 im Offenen Ganztag der Pestalozzischule. Abgabe bis sp\u00e4testens 19.06.2026 (Fr\u00fcheste Abgabe ab 01.06.2026) Die \u00d6ffnungszeiten in den Ferien sind montags bis donnerstags von 7:30 Uhr bis 16:15 Uhr und freitags von 7:30 Uhr bis 15:00 Uhr. Antrag auf Ferienbetreuung Formular Sommerferien 2026 Hier Klicken Handys und Smart Watches sind w\u00e4hrend der gesamten Unterrichtszeit der Sch\u00fclerinnenund Sch\u00fcler in der Schule ausgeschaltet. Eine Stummschaltung reicht nicht aus. Handys und Smartwatches Einverst\u00e4ndniserkl\u00e4rung Hier Klicken Wir bitten um Ihre Hilfe! Wenn Sie noch kein Mitglied des F\u00f6rdervereins der Pestalozzischule sind, treten Sie bei (der Mindestbeitrag betr\u00e4gt nur 1\u20ac im Monat)&#8230; Beitritts-erkl\u00e4rung Antrag Hier Klicken Hier finden Sie ein Informationsschreiben der Stadt Krefeld zum Kopflausbefall. Sollte ihr Kind von Kopfl\u00e4usen befallen sein, darf es die Schule nicht besuchen. Eine Erkrankung oder der Verdacht darauf muss der Schule unverz\u00fcglich mitgeteilt werden. Bitte geben Sie die folgende Erkl\u00e4rung (oder eine Bescheinigung des behandelnden Arztes) in der Schule ab, wenn ihr Kind wieder zum Unterricht erscheint. Kopflausbefall Information der Stadt Krefeld Hier Klicken Hier finden Sie ein Informationsschreiben der Stadt Krefeld zum Kr\u00e4tzemilbenbefall (Scabies). Sollte ihr Kind am Kr\u00e4tzemilbenbefall leiden, darf es die Schule nicht besuchen. Eine Erkrankung oder der Verdacht darauf muss der Schule unverz\u00fcglich mitgeteilt werden. Kr\u00e4tzemilbenbefall Information der Stadt Krefeld Hier Klicken<\/p>\n","protected":false},"author":9,"featured_media":0,"parent":0,"menu_order":0,"comment_status":"closed","ping_status":"closed","template":"","meta":{"footnotes":""},"class_list":["post-2003","page","type-page","status-publish","hentry"],"_links":{"self":[{"href":"https:\/\/www.pestalozzischule-krefeld.de\/index.php\/wp-json\/wp\/v2\/pages\/2003","targetHints":{"allow":["GET"]}}],"collection":[{"href":"https:\/\/www.pestalozzischule-krefeld.de\/index.php\/wp-json\/wp\/v2\/pages"}],"about":[{"href":"https:\/\/www.pestalozzischule-krefeld.de\/index.php\/wp-json\/wp\/v2\/types\/page"}],"author":[{"embeddable":true,"href":"https:\/\/www.pestalozzischule-krefeld.de\/index.php\/wp-json\/wp\/v2\/users\/9"}],"replies":[{"embeddable":true,"href":"https:\/\/www.pestalozzischule-krefeld.de\/index.php\/wp-json\/wp\/v2\/comments?post=2003"}],"version-history":[{"count":257,"href":"https:\/\/www.pestalozzischule-krefeld.de\/index.php\/wp-json\/wp\/v2\/pages\/2003\/revisions"}],"predecessor-version":[{"id":8195,"href":"https:\/\/www.pestalozzischule-krefeld.de\/index.php\/wp-json\/wp\/v2\/pages\/2003\/revisions\/8195"}],"wp:attachment":[{"href":"https:\/\/www.pestalozzischule-krefeld.de\/index.php\/wp-json\/wp\/v2\/media?parent=2003"}],"curies":[{"name":"wp","href":"https:\/\/api.w.org\/{rel}","templated":true}]}}