{"id":209,"date":"2019-10-21T17:30:02","date_gmt":"2019-10-21T15:30:02","guid":{"rendered":"http:\/\/www.pestalozzischule-krefeld.de\/?page_id=209"},"modified":"2025-09-02T08:53:57","modified_gmt":"2025-09-02T06:53:57","slug":"1-2c-ernieklasse","status":"publish","type":"page","link":"https:\/\/www.pestalozzischule-krefeld.de\/index.php\/1-2c-ernieklasse\/","title":{"rendered":"3a Tigerklasse"},"content":{"rendered":"\t\t<div data-elementor-type=\"wp-page\" data-elementor-id=\"209\" class=\"elementor elementor-209\">\n\t\t\t\t\t\t<section class=\"elementor-section elementor-top-section elementor-element elementor-element-5aefdeaa elementor-section-boxed elementor-section-height-default elementor-section-height-default\" data-id=\"5aefdeaa\" data-element_type=\"section\" data-e-type=\"section\">\n\t\t\t\t\t\t<div class=\"elementor-container elementor-column-gap-default\">\n\t\t\t\t\t<div class=\"elementor-column elementor-col-50 elementor-top-column elementor-element elementor-element-10c94c13\" data-id=\"10c94c13\" data-element_type=\"column\" data-e-type=\"column\">\n\t\t\t<div class=\"elementor-widget-wrap elementor-element-populated\">\n\t\t\t\t\t\t<div class=\"elementor-element elementor-element-1223ba40 elementor-widget-divider--view-line elementor-widget elementor-widget-divider\" data-id=\"1223ba40\" data-element_type=\"widget\" data-e-type=\"widget\" data-widget_type=\"divider.default\">\n\t\t\t\t<div class=\"elementor-widget-container\">\n\t\t\t\t\t\t\t<div class=\"elementor-divider\">\n\t\t\t<span class=\"elementor-divider-separator\">\n\t\t\t\t\t\t<\/span>\n\t\t<\/div>\n\t\t\t\t\t\t<\/div>\n\t\t\t\t<\/div>\n\t\t\t\t<div class=\"elementor-element elementor-element-6335e72c elementor-invisible elementor-widget elementor-widget-heading\" data-id=\"6335e72c\" data-element_type=\"widget\" data-e-type=\"widget\" data-settings=\"{&quot;_animation&quot;:&quot;bounceInLeft&quot;}\" data-widget_type=\"heading.default\">\n\t\t\t\t<div class=\"elementor-widget-container\">\n\t\t\t\t\t<h3 class=\"elementor-heading-title elementor-size-large\">3a Tigerklasse<\/h3>\t\t\t\t<\/div>\n\t\t\t\t<\/div>\n\t\t\t\t\t<\/div>\n\t\t<\/div>\n\t\t\t\t<div class=\"elementor-column elementor-col-50 elementor-top-column elementor-element elementor-element-1ea888a7\" data-id=\"1ea888a7\" data-element_type=\"column\" data-e-type=\"column\">\n\t\t\t<div class=\"elementor-widget-wrap\">\n\t\t\t\t\t\t\t<\/div>\n\t\t<\/div>\n\t\t\t\t\t<\/div>\n\t\t<\/section>\n\t\t\t\t<section class=\"elementor-section elementor-top-section elementor-element elementor-element-1f240989 elementor-section-boxed elementor-section-height-default elementor-section-height-default\" data-id=\"1f240989\" data-element_type=\"section\" data-e-type=\"section\">\n\t\t\t\t\t\t<div class=\"elementor-container elementor-column-gap-default\">\n\t\t\t\t\t<div class=\"elementor-column elementor-col-50 elementor-top-column elementor-element elementor-element-28418eec\" data-id=\"28418eec\" data-element_type=\"column\" data-e-type=\"column\">\n\t\t\t<div class=\"elementor-widget-wrap elementor-element-populated\">\n\t\t\t\t\t\t<div class=\"elementor-element elementor-element-9b2fcbe elementor-widget elementor-widget-image-gallery\" data-id=\"9b2fcbe\" data-element_type=\"widget\" data-e-type=\"widget\" data-widget_type=\"image-gallery.default\">\n\t\t\t\t<div class=\"elementor-widget-container\">\n\t\t\t\t\t\t\t<div class=\"elementor-image-gallery\">\n\t\t\t<div id='gallery-1' class='gallery galleryid-209 gallery-columns-1 gallery-size-medium_large'><figure class='gallery-item'>\n\t\t\t<div class='gallery-icon landscape'>\n\t\t\t\t<a data-elementor-open-lightbox=\"yes\" data-elementor-lightbox-slideshow=\"9b2fcbe\" data-elementor-lightbox-title=\"Klassenfoto_-2A\" data-e-action-hash=\"#elementor-action%3Aaction%3Dlightbox%26settings%3DeyJpZCI6NzQwMiwidXJsIjoiaHR0cHM6XC9cL3d3dy5wZXN0YWxvenppc2NodWxlLWtyZWZlbGQuZGVcL3dwLWNvbnRlbnRcL3VwbG9hZHNcLzIwMjRcLzEyXC9LbGFzc2VuZm90b18tMkEuanBnIiwic2xpZGVzaG93IjoiOWIyZmNiZSJ9\" href='https:\/\/www.pestalozzischule-krefeld.de\/wp-content\/uploads\/2024\/12\/Klassenfoto_-2A.jpg'><img fetchpriority=\"high\" decoding=\"async\" width=\"768\" height=\"552\" src=\"https:\/\/www.pestalozzischule-krefeld.de\/wp-content\/uploads\/2024\/12\/Klassenfoto_-2A-768x552.jpg\" class=\"attachment-medium_large size-medium_large\" alt=\"\" srcset=\"https:\/\/www.pestalozzischule-krefeld.de\/wp-content\/uploads\/2024\/12\/Klassenfoto_-2A-768x552.jpg 768w, https:\/\/www.pestalozzischule-krefeld.de\/wp-content\/uploads\/2024\/12\/Klassenfoto_-2A-300x216.jpg 300w, https:\/\/www.pestalozzischule-krefeld.de\/wp-content\/uploads\/2024\/12\/Klassenfoto_-2A-1024x737.jpg 1024w, https:\/\/www.pestalozzischule-krefeld.de\/wp-content\/uploads\/2024\/12\/Klassenfoto_-2A-1140x820.jpg 1140w, https:\/\/www.pestalozzischule-krefeld.de\/wp-content\/uploads\/2024\/12\/Klassenfoto_-2A.jpg 1240w\" sizes=\"(max-width: 768px) 100vw, 768px\" \/><\/a>\n\t\t\t<\/div><\/figure>\n\t\t<\/div>\n\t\t<\/div>\n\t\t\t\t\t\t<\/div>\n\t\t\t\t<\/div>\n\t\t\t\t\t<\/div>\n\t\t<\/div>\n\t\t\t\t<div class=\"elementor-column elementor-col-50 elementor-top-column elementor-element elementor-element-2601bd08\" data-id=\"2601bd08\" data-element_type=\"column\" data-e-type=\"column\">\n\t\t\t<div class=\"elementor-widget-wrap elementor-element-populated\">\n\t\t\t\t\t\t<div class=\"elementor-element elementor-element-3b466c72 elementor-widget elementor-widget-text-editor\" data-id=\"3b466c72\" data-element_type=\"widget\" data-e-type=\"widget\" data-widget_type=\"text-editor.default\">\n\t\t\t\t<div class=\"elementor-widget-container\">\n\t\t\t\t\t\t\t\t\t<p>Schuljahr 2025\/2026<\/p><p>Wir sind in diesem Schuljahr 28 Kinder in der Tigerklasse. <span style=\"letter-spacing: 0px;\">Unsere Klassenlehrerin hei\u00dft Frau Mevissen.<\/span><\/p>\t\t\t\t\t\t\t\t<\/div>\n\t\t\t\t<\/div>\n\t\t\t\t<div class=\"elementor-element elementor-element-14c17b0 elementor-widget elementor-widget-image\" data-id=\"14c17b0\" data-element_type=\"widget\" data-e-type=\"widget\" data-widget_type=\"image.default\">\n\t\t\t\t<div class=\"elementor-widget-container\">\n\t\t\t\t\t\t\t\t\t\t\t\t\t\t\t<img decoding=\"async\" width=\"75\" height=\"75\" src=\"https:\/\/www.pestalozzischule-krefeld.de\/wp-content\/uploads\/2023\/08\/Tiger-75x75.png\" class=\"attachment-ashe-single-navigation size-ashe-single-navigation wp-image-5791\" alt=\"\" srcset=\"https:\/\/www.pestalozzischule-krefeld.de\/wp-content\/uploads\/2023\/08\/Tiger-75x75.png 75w, https:\/\/www.pestalozzischule-krefeld.de\/wp-content\/uploads\/2023\/08\/Tiger-150x150.png 150w\" sizes=\"(max-width: 75px) 100vw, 75px\" \/>\t\t\t\t\t\t\t\t\t\t\t\t\t\t\t<\/div>\n\t\t\t\t<\/div>\n\t\t\t\t<div class=\"elementor-element elementor-element-e135685 elementor-widget elementor-widget-text-editor\" data-id=\"e135685\" data-element_type=\"widget\" data-e-type=\"widget\" data-widget_type=\"text-editor.default\">\n\t\t\t\t<div class=\"elementor-widget-container\">\n\t\t\t\t\t\t\t\t\t<p>&#8222;Corona-konform mit Spa\u00df&#8220;<\/p>\t\t\t\t\t\t\t\t<\/div>\n\t\t\t\t<\/div>\n\t\t\t\t<div class=\"elementor-element elementor-element-b4f861c elementor-widget elementor-widget-image\" data-id=\"b4f861c\" data-element_type=\"widget\" data-e-type=\"widget\" data-widget_type=\"image.default\">\n\t\t\t\t<div class=\"elementor-widget-container\">\n\t\t\t\t\t\t\t\t\t\t\t\t\t\t\t<img decoding=\"async\" width=\"300\" height=\"116\" src=\"https:\/\/www.pestalozzischule-krefeld.de\/wp-content\/uploads\/2021\/04\/Fotografie_Wysk.png\" class=\"attachment-large size-large wp-image-2512\" alt=\"\" \/>\t\t\t\t\t\t\t\t\t\t\t\t\t\t\t<\/div>\n\t\t\t\t<\/div>\n\t\t\t\t\t<\/div>\n\t\t<\/div>\n\t\t\t\t\t<\/div>\n\t\t<\/section>\n\t\t\t\t<section class=\"elementor-section elementor-top-section elementor-element elementor-element-34e01bcf elementor-section-content-middle elementor-section-boxed elementor-section-height-default elementor-section-height-default\" data-id=\"34e01bcf\" data-element_type=\"section\" data-e-type=\"section\" data-settings=\"{&quot;background_background&quot;:&quot;classic&quot;}\">\n\t\t\t\t\t\t<div class=\"elementor-container elementor-column-gap-default\">\n\t\t\t\t\t<div class=\"elementor-column elementor-col-50 elementor-top-column elementor-element elementor-element-353418aa\" data-id=\"353418aa\" data-element_type=\"column\" data-e-type=\"column\">\n\t\t\t<div class=\"elementor-widget-wrap elementor-element-populated\">\n\t\t\t\t\t\t<div class=\"elementor-element elementor-element-4affe38f elementor-widget elementor-widget-heading\" data-id=\"4affe38f\" data-element_type=\"widget\" data-e-type=\"widget\" data-widget_type=\"heading.default\">\n\t\t\t\t<div class=\"elementor-widget-container\">\n\t\t\t\t\t<h3 class=\"elementor-heading-title elementor-size-default\">ihr weg<br>zu uns<\/h3>\t\t\t\t<\/div>\n\t\t\t\t<\/div>\n\t\t\t\t<div class=\"elementor-element elementor-element-4fd5953b elementor-widget-divider--view-line elementor-widget elementor-widget-divider\" data-id=\"4fd5953b\" data-element_type=\"widget\" data-e-type=\"widget\" data-widget_type=\"divider.default\">\n\t\t\t\t<div class=\"elementor-widget-container\">\n\t\t\t\t\t\t\t<div class=\"elementor-divider\">\n\t\t\t<span class=\"elementor-divider-separator\">\n\t\t\t\t\t\t<\/span>\n\t\t<\/div>\n\t\t\t\t\t\t<\/div>\n\t\t\t\t<\/div>\n\t\t\t\t<div class=\"elementor-element elementor-element-41fe1cbc elementor-icon-list--layout-traditional elementor-list-item-link-full_width elementor-widget elementor-widget-icon-list\" data-id=\"41fe1cbc\" data-element_type=\"widget\" data-e-type=\"widget\" data-widget_type=\"icon-list.default\">\n\t\t\t\t<div class=\"elementor-widget-container\">\n\t\t\t\t\t\t\t<ul class=\"elementor-icon-list-items\">\n\t\t\t\t\t\t\t<li class=\"elementor-icon-list-item\">\n\t\t\t\t\t\t\t\t\t\t\t<span class=\"elementor-icon-list-icon\">\n\t\t\t\t\t\t\t<i aria-hidden=\"true\" class=\"fas fa-map-marker-alt\"><\/i>\t\t\t\t\t\t<\/span>\n\t\t\t\t\t\t\t\t\t\t<span class=\"elementor-icon-list-text\">H\u00fclser Str. 449, 47803 Krefeld<\/span>\n\t\t\t\t\t\t\t\t\t<\/li>\n\t\t\t\t\t\t\t\t<li class=\"elementor-icon-list-item\">\n\t\t\t\t\t\t\t\t\t\t\t<span class=\"elementor-icon-list-icon\">\n\t\t\t\t\t\t\t<i aria-hidden=\"true\" class=\"fas fa-phone-square\"><\/i>\t\t\t\t\t\t<\/span>\n\t\t\t\t\t\t\t\t\t\t<span class=\"elementor-icon-list-text\">02151 \/ 754107<\/span>\n\t\t\t\t\t\t\t\t\t<\/li>\n\t\t\t\t\t\t<\/ul>\n\t\t\t\t\t\t<\/div>\n\t\t\t\t<\/div>\n\t\t\t\t\t<\/div>\n\t\t<\/div>\n\t\t\t\t<div class=\"elementor-column elementor-col-50 elementor-top-column elementor-element elementor-element-33f445e7\" data-id=\"33f445e7\" data-element_type=\"column\" data-e-type=\"column\">\n\t\t\t<div class=\"elementor-widget-wrap elementor-element-populated\">\n\t\t\t\t\t\t<div class=\"elementor-element elementor-element-516b10d8 elementor-widget elementor-widget-google_maps\" data-id=\"516b10d8\" data-element_type=\"widget\" data-e-type=\"widget\" data-widget_type=\"google_maps.default\">\n\t\t\t\t<div class=\"elementor-widget-container\">\n\t\t\t\t\t\t\t<div class=\"elementor-custom-embed\">\n\t\t\t<iframe loading=\"lazy\"\n\t\t\t\t\tsrc=\"https:\/\/maps.google.com\/maps?q=Pestalozzischule%2C%20H%C3%BClser%20Str.%20449%2C%2047803%20Krefeld&#038;t=m&#038;z=12&#038;output=embed&#038;iwloc=near\"\n\t\t\t\t\ttitle=\"Pestalozzischule, H\u00fclser Str. 449, 47803 Krefeld\"\n\t\t\t\t\taria-label=\"Pestalozzischule, H\u00fclser Str. 449, 47803 Krefeld\"\n\t\t\t><\/iframe>\n\t\t<\/div>\n\t\t\t\t\t\t<\/div>\n\t\t\t\t<\/div>\n\t\t\t\t\t<\/div>\n\t\t<\/div>\n\t\t\t\t\t<\/div>\n\t\t<\/section>\n\t\t\t\t<\/div>\n\t\t","protected":false},"excerpt":{"rendered":"<p>3a Tigerklasse Schuljahr 2025\/2026 Wir sind in diesem Schuljahr 28 Kinder in der Tigerklasse. Unsere Klassenlehrerin hei\u00dft Frau Mevissen. &#8222;Corona-konform mit Spa\u00df&#8220; ihr wegzu uns H\u00fclser Str. 449, 47803 Krefeld 02151 \/ 754107<\/p>\n","protected":false},"author":9,"featured_media":0,"parent":0,"menu_order":0,"comment_status":"closed","ping_status":"closed","template":"","meta":{"footnotes":""},"class_list":["post-209","page","type-page","status-publish","hentry"],"_links":{"self":[{"href":"https:\/\/www.pestalozzischule-krefeld.de\/index.php\/wp-json\/wp\/v2\/pages\/209","targetHints":{"allow":["GET"]}}],"collection":[{"href":"https:\/\/www.pestalozzischule-krefeld.de\/index.php\/wp-json\/wp\/v2\/pages"}],"about":[{"href":"https:\/\/www.pestalozzischule-krefeld.de\/index.php\/wp-json\/wp\/v2\/types\/page"}],"author":[{"embeddable":true,"href":"https:\/\/www.pestalozzischule-krefeld.de\/index.php\/wp-json\/wp\/v2\/users\/9"}],"replies":[{"embeddable":true,"href":"https:\/\/www.pestalozzischule-krefeld.de\/index.php\/wp-json\/wp\/v2\/comments?post=209"}],"version-history":[{"count":87,"href":"https:\/\/www.pestalozzischule-krefeld.de\/index.php\/wp-json\/wp\/v2\/pages\/209\/revisions"}],"predecessor-version":[{"id":7806,"href":"https:\/\/www.pestalozzischule-krefeld.de\/index.php\/wp-json\/wp\/v2\/pages\/209\/revisions\/7806"}],"wp:attachment":[{"href":"https:\/\/www.pestalozzischule-krefeld.de\/index.php\/wp-json\/wp\/v2\/media?parent=209"}],"curies":[{"name":"wp","href":"https:\/\/api.w.org\/{rel}","templated":true}]}}