{"id":212,"date":"2019-10-21T17:30:02","date_gmt":"2019-10-21T15:30:02","guid":{"rendered":"http:\/\/www.pestalozzischule-krefeld.de\/?page_id=212"},"modified":"2025-09-02T08:57:08","modified_gmt":"2025-09-02T06:57:08","slug":"3a-fischklasse","status":"publish","type":"page","link":"https:\/\/www.pestalozzischule-krefeld.de\/index.php\/3a-fischklasse\/","title":{"rendered":"4a Eulenklasse"},"content":{"rendered":"\t\t<div data-elementor-type=\"wp-page\" data-elementor-id=\"212\" class=\"elementor elementor-212\">\n\t\t\t\t\t\t<section class=\"elementor-section elementor-top-section elementor-element elementor-element-b3a3a77 elementor-section-boxed elementor-section-height-default elementor-section-height-default\" data-id=\"b3a3a77\" data-element_type=\"section\" data-e-type=\"section\">\n\t\t\t\t\t\t<div class=\"elementor-container elementor-column-gap-default\">\n\t\t\t\t\t<div class=\"elementor-column elementor-col-100 elementor-top-column elementor-element elementor-element-3c35252\" data-id=\"3c35252\" data-element_type=\"column\" data-e-type=\"column\">\n\t\t\t<div class=\"elementor-widget-wrap\">\n\t\t\t\t\t\t\t<\/div>\n\t\t<\/div>\n\t\t\t\t\t<\/div>\n\t\t<\/section>\n\t\t\t\t<section class=\"elementor-section elementor-top-section elementor-element elementor-element-0338940 elementor-section-boxed elementor-section-height-default elementor-section-height-default\" data-id=\"0338940\" data-element_type=\"section\" data-e-type=\"section\">\n\t\t\t\t\t\t<div class=\"elementor-container elementor-column-gap-default\">\n\t\t\t\t\t<div class=\"elementor-column elementor-col-50 elementor-top-column elementor-element elementor-element-352257d\" data-id=\"352257d\" data-element_type=\"column\" data-e-type=\"column\">\n\t\t\t<div class=\"elementor-widget-wrap elementor-element-populated\">\n\t\t\t\t\t\t<div class=\"elementor-element elementor-element-fb0500a elementor-widget-divider--view-line elementor-widget elementor-widget-divider\" data-id=\"fb0500a\" data-element_type=\"widget\" data-e-type=\"widget\" data-widget_type=\"divider.default\">\n\t\t\t\t<div class=\"elementor-widget-container\">\n\t\t\t\t\t\t\t<div class=\"elementor-divider\">\n\t\t\t<span class=\"elementor-divider-separator\">\n\t\t\t\t\t\t<\/span>\n\t\t<\/div>\n\t\t\t\t\t\t<\/div>\n\t\t\t\t<\/div>\n\t\t\t\t<div class=\"elementor-element elementor-element-625e44c elementor-invisible elementor-widget elementor-widget-heading\" data-id=\"625e44c\" data-element_type=\"widget\" data-e-type=\"widget\" data-settings=\"{&quot;_animation&quot;:&quot;bounceInLeft&quot;}\" data-widget_type=\"heading.default\">\n\t\t\t\t<div class=\"elementor-widget-container\">\n\t\t\t\t\t<h3 class=\"elementor-heading-title elementor-size-large\">4A Eulenklasse<\/h3>\t\t\t\t<\/div>\n\t\t\t\t<\/div>\n\t\t\t\t\t<\/div>\n\t\t<\/div>\n\t\t\t\t<div class=\"elementor-column elementor-col-50 elementor-top-column elementor-element elementor-element-3a727ad\" data-id=\"3a727ad\" data-element_type=\"column\" data-e-type=\"column\">\n\t\t\t<div class=\"elementor-widget-wrap\">\n\t\t\t\t\t\t\t<\/div>\n\t\t<\/div>\n\t\t\t\t\t<\/div>\n\t\t<\/section>\n\t\t\t\t<section class=\"elementor-section elementor-top-section elementor-element elementor-element-5f6f229e elementor-section-boxed elementor-section-height-default elementor-section-height-default\" data-id=\"5f6f229e\" data-element_type=\"section\" data-e-type=\"section\">\n\t\t\t\t\t\t<div class=\"elementor-container elementor-column-gap-default\">\n\t\t\t\t\t<div class=\"elementor-column elementor-col-50 elementor-top-column elementor-element elementor-element-6d346895\" data-id=\"6d346895\" data-element_type=\"column\" data-e-type=\"column\">\n\t\t\t<div class=\"elementor-widget-wrap elementor-element-populated\">\n\t\t\t\t\t\t<div class=\"elementor-element elementor-element-3481e64 elementor-widget elementor-widget-image-gallery\" data-id=\"3481e64\" data-element_type=\"widget\" data-e-type=\"widget\" data-widget_type=\"image-gallery.default\">\n\t\t\t\t<div class=\"elementor-widget-container\">\n\t\t\t\t\t\t\t<div class=\"elementor-image-gallery\">\n\t\t\t<div id='gallery-1' class='gallery galleryid-212 gallery-columns-1 gallery-size-medium'><figure class='gallery-item'>\n\t\t\t<div class='gallery-icon landscape'>\n\t\t\t\t<a data-elementor-open-lightbox=\"yes\" data-elementor-lightbox-slideshow=\"3481e64\" data-elementor-lightbox-title=\"in Bearbeitung BILD\" data-e-action-hash=\"#elementor-action%3Aaction%3Dlightbox%26settings%3DeyJpZCI6NTc4NiwidXJsIjoiaHR0cHM6XC9cL3d3dy5wZXN0YWxvenppc2NodWxlLWtyZWZlbGQuZGVcL3dwLWNvbnRlbnRcL3VwbG9hZHNcLzIwMjNcLzA4XC9pbi1CZWFyYmVpdHVuZy1CSUxELmpwZyIsInNsaWRlc2hvdyI6IjM0ODFlNjQifQ%3D%3D\" href='https:\/\/www.pestalozzischule-krefeld.de\/wp-content\/uploads\/2023\/08\/in-Bearbeitung-BILD.jpg'><img fetchpriority=\"high\" decoding=\"async\" width=\"300\" height=\"270\" src=\"https:\/\/www.pestalozzischule-krefeld.de\/wp-content\/uploads\/2023\/08\/in-Bearbeitung-BILD-300x270.jpg\" class=\"attachment-medium size-medium\" alt=\"\" srcset=\"https:\/\/www.pestalozzischule-krefeld.de\/wp-content\/uploads\/2023\/08\/in-Bearbeitung-BILD-300x270.jpg 300w, https:\/\/www.pestalozzischule-krefeld.de\/wp-content\/uploads\/2023\/08\/in-Bearbeitung-BILD.jpg 650w\" sizes=\"(max-width: 300px) 100vw, 300px\" \/><\/a>\n\t\t\t<\/div><\/figure>\n\t\t<\/div>\n\t\t<\/div>\n\t\t\t\t\t\t<\/div>\n\t\t\t\t<\/div>\n\t\t\t\t\t<\/div>\n\t\t<\/div>\n\t\t\t\t<div class=\"elementor-column elementor-col-50 elementor-top-column elementor-element elementor-element-1680fd28\" data-id=\"1680fd28\" data-element_type=\"column\" data-e-type=\"column\">\n\t\t\t<div class=\"elementor-widget-wrap elementor-element-populated\">\n\t\t\t\t\t\t<div class=\"elementor-element elementor-element-1c2afa98 elementor-widget elementor-widget-text-editor\" data-id=\"1c2afa98\" data-element_type=\"widget\" data-e-type=\"widget\" data-widget_type=\"text-editor.default\">\n\t\t\t\t<div class=\"elementor-widget-container\">\n\t\t\t\t\t\t\t\t\t<p><span style=\"font-weight: 400;\">Schuljahr 2025\/2026.<\/span><\/p>\n<p><span style=\"font-weight: 400;\">Wir sind in diesem Schuljahr 27 Kinder in der Klasse 3a.<br><\/span><\/p>\n<p><span style=\"font-weight: 400;\">Unsere Klassenlehrerin hei\u00dft Frau van der Beek.&nbsp;<\/span><\/p>\n<p><span style=\"font-weight: 400;\">Unser Maskottchen ist die Eule.<\/span><\/p>\t\t\t\t\t\t\t\t<\/div>\n\t\t\t\t<\/div>\n\t\t\t\t<div class=\"elementor-element elementor-element-49f89c9 elementor-widget elementor-widget-image\" data-id=\"49f89c9\" data-element_type=\"widget\" data-e-type=\"widget\" data-widget_type=\"image.default\">\n\t\t\t\t<div class=\"elementor-widget-container\">\n\t\t\t\t\t\t\t\t\t\t\t\t\t\t\t<img decoding=\"async\" src=\"https:\/\/www.pestalozzischule-krefeld.de\/wp-content\/uploads\/elementor\/thumbs\/Vorlage-Eule-ptc7294yki0ckn1nfwdwobwjoasorccvf267g4zmxu.png\" title=\"Vorlage Eule\" alt=\"Vorlage Eule\" loading=\"lazy\" \/>\t\t\t\t\t\t\t\t\t\t\t\t\t\t\t<\/div>\n\t\t\t\t<\/div>\n\t\t\t\t<div class=\"elementor-element elementor-element-f644547 elementor-widget elementor-widget-text-editor\" data-id=\"f644547\" data-element_type=\"widget\" data-e-type=\"widget\" data-widget_type=\"text-editor.default\">\n\t\t\t\t<div class=\"elementor-widget-container\">\n\t\t\t\t\t\t\t\t\t<p>&#8222;Corona-konform mit Spa\u00df&#8220;<\/p>\t\t\t\t\t\t\t\t<\/div>\n\t\t\t\t<\/div>\n\t\t\t\t<div class=\"elementor-element elementor-element-36a5024 elementor-widget elementor-widget-image\" data-id=\"36a5024\" data-element_type=\"widget\" data-e-type=\"widget\" data-widget_type=\"image.default\">\n\t\t\t\t<div class=\"elementor-widget-container\">\n\t\t\t\t\t\t\t\t\t\t\t\t\t\t\t<img decoding=\"async\" width=\"300\" height=\"116\" src=\"https:\/\/www.pestalozzischule-krefeld.de\/wp-content\/uploads\/2021\/04\/Fotografie_Wysk.png\" class=\"attachment-large size-large wp-image-2512\" alt=\"\" \/>\t\t\t\t\t\t\t\t\t\t\t\t\t\t\t<\/div>\n\t\t\t\t<\/div>\n\t\t\t\t\t<\/div>\n\t\t<\/div>\n\t\t\t\t\t<\/div>\n\t\t<\/section>\n\t\t\t\t<section class=\"elementor-section elementor-top-section elementor-element elementor-element-fb4846d elementor-section-content-middle elementor-section-boxed elementor-section-height-default elementor-section-height-default\" data-id=\"fb4846d\" data-element_type=\"section\" data-e-type=\"section\" data-settings=\"{&quot;background_background&quot;:&quot;classic&quot;}\">\n\t\t\t\t\t\t<div class=\"elementor-container elementor-column-gap-default\">\n\t\t\t\t\t<div class=\"elementor-column elementor-col-50 elementor-top-column elementor-element elementor-element-7103c0e\" data-id=\"7103c0e\" data-element_type=\"column\" data-e-type=\"column\">\n\t\t\t<div class=\"elementor-widget-wrap elementor-element-populated\">\n\t\t\t\t\t\t<div class=\"elementor-element elementor-element-418ad19 elementor-widget elementor-widget-heading\" data-id=\"418ad19\" data-element_type=\"widget\" data-e-type=\"widget\" data-widget_type=\"heading.default\">\n\t\t\t\t<div class=\"elementor-widget-container\">\n\t\t\t\t\t<h3 class=\"elementor-heading-title elementor-size-default\">ihr weg<br>zu uns<\/h3>\t\t\t\t<\/div>\n\t\t\t\t<\/div>\n\t\t\t\t<div class=\"elementor-element elementor-element-f02d8d8 elementor-widget-divider--view-line elementor-widget elementor-widget-divider\" data-id=\"f02d8d8\" data-element_type=\"widget\" data-e-type=\"widget\" data-widget_type=\"divider.default\">\n\t\t\t\t<div class=\"elementor-widget-container\">\n\t\t\t\t\t\t\t<div class=\"elementor-divider\">\n\t\t\t<span class=\"elementor-divider-separator\">\n\t\t\t\t\t\t<\/span>\n\t\t<\/div>\n\t\t\t\t\t\t<\/div>\n\t\t\t\t<\/div>\n\t\t\t\t<div class=\"elementor-element elementor-element-23f8dd2 elementor-icon-list--layout-traditional elementor-list-item-link-full_width elementor-widget elementor-widget-icon-list\" data-id=\"23f8dd2\" data-element_type=\"widget\" data-e-type=\"widget\" data-widget_type=\"icon-list.default\">\n\t\t\t\t<div class=\"elementor-widget-container\">\n\t\t\t\t\t\t\t<ul class=\"elementor-icon-list-items\">\n\t\t\t\t\t\t\t<li class=\"elementor-icon-list-item\">\n\t\t\t\t\t\t\t\t\t\t\t<span class=\"elementor-icon-list-icon\">\n\t\t\t\t\t\t\t<i aria-hidden=\"true\" class=\"fas fa-map-marker-alt\"><\/i>\t\t\t\t\t\t<\/span>\n\t\t\t\t\t\t\t\t\t\t<span class=\"elementor-icon-list-text\">H\u00fclser Str. 449, 47803 Krefeld<\/span>\n\t\t\t\t\t\t\t\t\t<\/li>\n\t\t\t\t\t\t\t\t<li class=\"elementor-icon-list-item\">\n\t\t\t\t\t\t\t\t\t\t\t<span class=\"elementor-icon-list-icon\">\n\t\t\t\t\t\t\t<i aria-hidden=\"true\" class=\"fas fa-phone-square\"><\/i>\t\t\t\t\t\t<\/span>\n\t\t\t\t\t\t\t\t\t\t<span class=\"elementor-icon-list-text\">02151 \/ 754107<\/span>\n\t\t\t\t\t\t\t\t\t<\/li>\n\t\t\t\t\t\t<\/ul>\n\t\t\t\t\t\t<\/div>\n\t\t\t\t<\/div>\n\t\t\t\t\t<\/div>\n\t\t<\/div>\n\t\t\t\t<div class=\"elementor-column elementor-col-50 elementor-top-column elementor-element elementor-element-ef3a2e7\" data-id=\"ef3a2e7\" data-element_type=\"column\" data-e-type=\"column\">\n\t\t\t<div class=\"elementor-widget-wrap elementor-element-populated\">\n\t\t\t\t\t\t<div class=\"elementor-element elementor-element-25c4dfd elementor-widget elementor-widget-google_maps\" data-id=\"25c4dfd\" data-element_type=\"widget\" data-e-type=\"widget\" data-widget_type=\"google_maps.default\">\n\t\t\t\t<div class=\"elementor-widget-container\">\n\t\t\t\t\t\t\t<div class=\"elementor-custom-embed\">\n\t\t\t<iframe loading=\"lazy\"\n\t\t\t\t\tsrc=\"https:\/\/maps.google.com\/maps?q=Pestalozzischule%2C%20H%C3%BClser%20Str.%20449%2C%2047803%20Krefeld&#038;t=m&#038;z=12&#038;output=embed&#038;iwloc=near\"\n\t\t\t\t\ttitle=\"Pestalozzischule, H\u00fclser Str. 449, 47803 Krefeld\"\n\t\t\t\t\taria-label=\"Pestalozzischule, H\u00fclser Str. 449, 47803 Krefeld\"\n\t\t\t><\/iframe>\n\t\t<\/div>\n\t\t\t\t\t\t<\/div>\n\t\t\t\t<\/div>\n\t\t\t\t\t<\/div>\n\t\t<\/div>\n\t\t\t\t\t<\/div>\n\t\t<\/section>\n\t\t\t\t<\/div>\n\t\t","protected":false},"excerpt":{"rendered":"<p>4A Eulenklasse Schuljahr 2025\/2026. Wir sind in diesem Schuljahr 27 Kinder in der Klasse 3a. Unsere Klassenlehrerin hei\u00dft Frau van der Beek.&nbsp; Unser Maskottchen ist die Eule. &#8222;Corona-konform mit Spa\u00df&#8220; ihr wegzu uns H\u00fclser Str. 449, 47803 Krefeld 02151 \/ 754107<\/p>\n","protected":false},"author":9,"featured_media":0,"parent":0,"menu_order":0,"comment_status":"closed","ping_status":"closed","template":"","meta":{"footnotes":""},"class_list":["post-212","page","type-page","status-publish","hentry"],"_links":{"self":[{"href":"https:\/\/www.pestalozzischule-krefeld.de\/index.php\/wp-json\/wp\/v2\/pages\/212","targetHints":{"allow":["GET"]}}],"collection":[{"href":"https:\/\/www.pestalozzischule-krefeld.de\/index.php\/wp-json\/wp\/v2\/pages"}],"about":[{"href":"https:\/\/www.pestalozzischule-krefeld.de\/index.php\/wp-json\/wp\/v2\/types\/page"}],"author":[{"embeddable":true,"href":"https:\/\/www.pestalozzischule-krefeld.de\/index.php\/wp-json\/wp\/v2\/users\/9"}],"replies":[{"embeddable":true,"href":"https:\/\/www.pestalozzischule-krefeld.de\/index.php\/wp-json\/wp\/v2\/comments?post=212"}],"version-history":[{"count":100,"href":"https:\/\/www.pestalozzischule-krefeld.de\/index.php\/wp-json\/wp\/v2\/pages\/212\/revisions"}],"predecessor-version":[{"id":7798,"href":"https:\/\/www.pestalozzischule-krefeld.de\/index.php\/wp-json\/wp\/v2\/pages\/212\/revisions\/7798"}],"wp:attachment":[{"href":"https:\/\/www.pestalozzischule-krefeld.de\/index.php\/wp-json\/wp\/v2\/media?parent=212"}],"curies":[{"name":"wp","href":"https:\/\/api.w.org\/{rel}","templated":true}]}}