{"id":221,"date":"2019-10-21T17:30:04","date_gmt":"2019-10-21T15:30:04","guid":{"rendered":"http:\/\/www.pestalozzischule-krefeld.de\/?page_id=221"},"modified":"2026-01-09T12:09:55","modified_gmt":"2026-01-09T11:09:55","slug":"betreuungszeiten","status":"publish","type":"page","link":"https:\/\/www.pestalozzischule-krefeld.de\/index.php\/betreuungszeiten\/","title":{"rendered":"Betreuungszeiten"},"content":{"rendered":"\t\t<div data-elementor-type=\"wp-page\" data-elementor-id=\"221\" class=\"elementor elementor-221\">\n\t\t\t\t\t\t<section class=\"elementor-section elementor-top-section elementor-element elementor-element-695ddc1 elementor-section-height-min-height elementor-section-content-middle elementor-section-boxed elementor-section-height-default elementor-section-items-middle\" data-id=\"695ddc1\" data-element_type=\"section\" data-e-type=\"section\" data-settings=\"{&quot;background_background&quot;:&quot;classic&quot;}\">\n\t\t\t\t\t\t<div class=\"elementor-container elementor-column-gap-default\">\n\t\t\t\t\t<div class=\"elementor-column elementor-col-100 elementor-top-column elementor-element elementor-element-2aeeeb76\" data-id=\"2aeeeb76\" data-element_type=\"column\" data-e-type=\"column\">\n\t\t\t<div class=\"elementor-widget-wrap elementor-element-populated\">\n\t\t\t\t\t\t<div class=\"elementor-element elementor-element-4c29f77f elementor-widget-divider--view-line elementor-widget elementor-widget-divider\" data-id=\"4c29f77f\" data-element_type=\"widget\" data-e-type=\"widget\" data-widget_type=\"divider.default\">\n\t\t\t\t<div class=\"elementor-widget-container\">\n\t\t\t\t\t\t\t<div class=\"elementor-divider\">\n\t\t\t<span class=\"elementor-divider-separator\">\n\t\t\t\t\t\t<\/span>\n\t\t<\/div>\n\t\t\t\t\t\t<\/div>\n\t\t\t\t<\/div>\n\t\t\t\t<div class=\"elementor-element elementor-element-68aaae64 elementor-invisible elementor-widget elementor-widget-heading\" data-id=\"68aaae64\" data-element_type=\"widget\" data-e-type=\"widget\" data-settings=\"{&quot;_animation&quot;:&quot;bounceInLeft&quot;}\" data-widget_type=\"heading.default\">\n\t\t\t\t<div class=\"elementor-widget-container\">\n\t\t\t\t\t<h3 class=\"elementor-heading-title elementor-size-medium\">Ferienbetreuung<\/h3>\t\t\t\t<\/div>\n\t\t\t\t<\/div>\n\t\t\t\t<div class=\"elementor-element elementor-element-16bb9d3 elementor-widget elementor-widget-text-editor\" data-id=\"16bb9d3\" data-element_type=\"widget\" data-e-type=\"widget\" data-widget_type=\"text-editor.default\">\n\t\t\t\t<div class=\"elementor-widget-container\">\n\t\t\t\t\t\t\t\t\t<p style=\"text-align: justify; text-justify: inter-ideograph;\"><span style=\"font-family: 'Arial Unicode MS',sans-serif;\">&#8211; Die Betreuung der Kinder in den Ferien erfolgt im Wechsel mit der Jahnschule.<\/span><\/p><p style=\"text-align: justify; text-justify: inter-ideograph;\"><span style=\"font-family: 'Arial Unicode MS',sans-serif;\">&#8211; Die Anmeldung f\u00fcr alle Ferien m\u00fcssen selbstst\u00e4ndig \u00fcber die Eltern get\u00e4tigt werden.<\/span><\/p><p style=\"text-align: justify; text-justify: inter-ideograph;\"><span style=\"font-family: 'Arial Unicode MS',sans-serif;\">&#8211; Die Anmeldung erfolgt \u00fcber den Ganztag.<\/span><\/p><p style=\"text-align: justify; text-justify: inter-ideograph;\"><span style=\"font-family: 'Arial Unicode MS',sans-serif;\">&#8211; Entsprechende Ferienantr\u00e4ge finden Sie unter der Kategorie Downloads\u00a0<\/span><span style=\"font-family: 'Arial Unicode MS', sans-serif; color: var( --e-global-color-text ); letter-spacing: 0px;\">oder erhalten diese im Ganztag.<\/span><\/p>\t\t\t\t\t\t\t\t<\/div>\n\t\t\t\t<\/div>\n\t\t\t\t<div class=\"elementor-element elementor-element-b2da363 elementor-widget elementor-widget-text-editor\" data-id=\"b2da363\" data-element_type=\"widget\" data-e-type=\"widget\" data-widget_type=\"text-editor.default\">\n\t\t\t\t<div class=\"elementor-widget-container\">\n\t\t\t\t\t\t\t\t\t<p style=\"text-align: center;\">Bitte in Druckbuchstaben ausf\u00fcllen und sp\u00e4testens <br \/><strong><u>21 Tage vor den Sommerferien abgeben! <br \/>Bei allen andere Ferien gelten 14 Tage Vorlauf.\u00a0<\/u><\/strong><\/p>\t\t\t\t\t\t\t\t<\/div>\n\t\t\t\t<\/div>\n\t\t\t\t\t<\/div>\n\t\t<\/div>\n\t\t\t\t\t<\/div>\n\t\t<\/section>\n\t\t\t\t<section class=\"elementor-section elementor-top-section elementor-element elementor-element-9aaeb4b elementor-section-height-min-height elementor-section-content-middle elementor-section-boxed elementor-section-height-default elementor-section-items-middle\" data-id=\"9aaeb4b\" data-element_type=\"section\" data-e-type=\"section\" data-settings=\"{&quot;background_background&quot;:&quot;classic&quot;}\">\n\t\t\t\t\t\t<div class=\"elementor-container elementor-column-gap-default\">\n\t\t\t\t\t<div class=\"elementor-column elementor-col-100 elementor-top-column elementor-element elementor-element-346caca\" data-id=\"346caca\" data-element_type=\"column\" data-e-type=\"column\">\n\t\t\t<div class=\"elementor-widget-wrap elementor-element-populated\">\n\t\t\t\t\t\t<div class=\"elementor-element elementor-element-3c80cf2 elementor-widget-divider--view-line elementor-widget elementor-widget-divider\" data-id=\"3c80cf2\" data-element_type=\"widget\" data-e-type=\"widget\" data-widget_type=\"divider.default\">\n\t\t\t\t<div class=\"elementor-widget-container\">\n\t\t\t\t\t\t\t<div class=\"elementor-divider\">\n\t\t\t<span class=\"elementor-divider-separator\">\n\t\t\t\t\t\t<\/span>\n\t\t<\/div>\n\t\t\t\t\t\t<\/div>\n\t\t\t\t<\/div>\n\t\t\t\t<div class=\"elementor-element elementor-element-37a1f47 elementor-invisible elementor-widget elementor-widget-heading\" data-id=\"37a1f47\" data-element_type=\"widget\" data-e-type=\"widget\" data-settings=\"{&quot;_animation&quot;:&quot;bounceInLeft&quot;}\" data-widget_type=\"heading.default\">\n\t\t\t\t<div class=\"elementor-widget-container\">\n\t\t\t\t\t<h3 class=\"elementor-heading-title elementor-size-medium\">Schlie\u00dfungszeiten<\/h3>\t\t\t\t<\/div>\n\t\t\t\t<\/div>\n\t\t\t\t<div class=\"elementor-element elementor-element-2ecf624 elementor-widget elementor-widget-text-editor\" data-id=\"2ecf624\" data-element_type=\"widget\" data-e-type=\"widget\" data-widget_type=\"text-editor.default\">\n\t\t\t\t<div class=\"elementor-widget-container\">\n\t\t\t\t\t\t\t\t\t<p style=\"text-align: justify; text-justify: inter-ideograph;\"><span style=\"font-family: Arial Unicode MS, sans-serif;\">Herbstferien 13.10.2025 &#8211; 17.10.2025<\/span><\/p><p style=\"text-align: justify; text-justify: inter-ideograph;\"><span style=\"font-family: Arial Unicode MS, sans-serif;\">Weihnachtsferien 22.12.2025 &#8211; 31.12.2025<br \/><\/span><\/p><p style=\"text-align: justify; text-justify: inter-ideograph;\"><span style=\"font-family: Arial Unicode MS, sans-serif;\">Osterferien 06.04.2026 &#8211; 10.04.2026<br \/><\/span><\/p><p style=\"text-align: justify; text-justify: inter-ideograph;\"><span style=\"font-family: 'Arial Unicode MS', sans-serif; color: var( --e-global-color-text ); letter-spacing: 0px;\">Sommerferien: 10<\/span><span style=\"font-family: 'Arial Unicode MS', sans-serif;\">.08.2026 &#8211; 28.08.2026<\/span><\/p><p><span style=\"font-family: 'Arial Unicode MS', sans-serif;\"><br \/>Sonstige Schlie\u00dfungstage:<\/span><\/p><p><span style=\"font-family: 'Arial Unicode MS', sans-serif;\">02.01.2026<\/span><\/p><p><span style=\"font-family: 'Arial Unicode MS', sans-serif; letter-spacing: 0px;\">17.02.2026<\/span><\/p><p><span style=\"font-family: 'Arial Unicode MS', sans-serif;\">15.05.2026<\/span><\/p><p><span style=\"font-family: 'Arial Unicode MS', sans-serif;\">05.06.2026<\/span><\/p>\t\t\t\t\t\t\t\t<\/div>\n\t\t\t\t<\/div>\n\t\t\t\t\t<\/div>\n\t\t<\/div>\n\t\t\t\t\t<\/div>\n\t\t<\/section>\n\t\t\t\t<section class=\"elementor-section elementor-top-section elementor-element elementor-element-608329e elementor-section-boxed elementor-section-height-default elementor-section-height-default\" data-id=\"608329e\" data-element_type=\"section\" data-e-type=\"section\">\n\t\t\t\t\t\t<div class=\"elementor-container elementor-column-gap-default\">\n\t\t\t\t\t<div class=\"elementor-column elementor-col-100 elementor-top-column elementor-element elementor-element-a1b44db\" data-id=\"a1b44db\" data-element_type=\"column\" data-e-type=\"column\">\n\t\t\t<div class=\"elementor-widget-wrap\">\n\t\t\t\t\t\t\t<\/div>\n\t\t<\/div>\n\t\t\t\t\t<\/div>\n\t\t<\/section>\n\t\t\t\t<\/div>\n\t\t","protected":false},"excerpt":{"rendered":"<p>Ferienbetreuung &#8211; Die Betreuung der Kinder in den Ferien erfolgt im Wechsel mit der Jahnschule. &#8211; Die Anmeldung f\u00fcr alle Ferien m\u00fcssen selbstst\u00e4ndig \u00fcber die Eltern get\u00e4tigt werden. &#8211; Die Anmeldung erfolgt \u00fcber den Ganztag. &#8211; Entsprechende Ferienantr\u00e4ge finden Sie unter der Kategorie Downloads\u00a0oder erhalten diese im Ganztag. Bitte in Druckbuchstaben ausf\u00fcllen und sp\u00e4testens 21 Tage vor den Sommerferien abgeben! Bei allen andere Ferien gelten 14 Tage Vorlauf.\u00a0 Schlie\u00dfungszeiten Herbstferien 13.10.2025 &#8211; 17.10.2025 Weihnachtsferien 22.12.2025 &#8211; 31.12.2025 Osterferien 06.04.2026 &#8211; 10.04.2026 Sommerferien: 10.08.2026 &#8211; 28.08.2026 Sonstige Schlie\u00dfungstage: 02.01.2026 17.02.2026 15.05.2026 05.06.2026<\/p>\n","protected":false},"author":9,"featured_media":0,"parent":0,"menu_order":0,"comment_status":"closed","ping_status":"closed","template":"","meta":{"footnotes":""},"class_list":["post-221","page","type-page","status-publish","hentry"],"_links":{"self":[{"href":"https:\/\/www.pestalozzischule-krefeld.de\/index.php\/wp-json\/wp\/v2\/pages\/221","targetHints":{"allow":["GET"]}}],"collection":[{"href":"https:\/\/www.pestalozzischule-krefeld.de\/index.php\/wp-json\/wp\/v2\/pages"}],"about":[{"href":"https:\/\/www.pestalozzischule-krefeld.de\/index.php\/wp-json\/wp\/v2\/types\/page"}],"author":[{"embeddable":true,"href":"https:\/\/www.pestalozzischule-krefeld.de\/index.php\/wp-json\/wp\/v2\/users\/9"}],"replies":[{"embeddable":true,"href":"https:\/\/www.pestalozzischule-krefeld.de\/index.php\/wp-json\/wp\/v2\/comments?post=221"}],"version-history":[{"count":61,"href":"https:\/\/www.pestalozzischule-krefeld.de\/index.php\/wp-json\/wp\/v2\/pages\/221\/revisions"}],"predecessor-version":[{"id":8108,"href":"https:\/\/www.pestalozzischule-krefeld.de\/index.php\/wp-json\/wp\/v2\/pages\/221\/revisions\/8108"}],"wp:attachment":[{"href":"https:\/\/www.pestalozzischule-krefeld.de\/index.php\/wp-json\/wp\/v2\/media?parent=221"}],"curies":[{"name":"wp","href":"https:\/\/api.w.org\/{rel}","templated":true}]}}