{"id":2626,"date":"2021-06-09T08:23:26","date_gmt":"2021-06-09T06:23:26","guid":{"rendered":"https:\/\/www.pestalozzischule-krefeld.de\/?page_id=2626"},"modified":"2021-06-11T11:40:54","modified_gmt":"2021-06-11T09:40:54","slug":"johann-heinrich-pestalozzi","status":"publish","type":"page","link":"https:\/\/www.pestalozzischule-krefeld.de\/index.php\/unsere-schule\/johann-heinrich-pestalozzi\/","title":{"rendered":"Johann Heinrich Pestalozzi"},"content":{"rendered":"\t\t<div data-elementor-type=\"wp-page\" data-elementor-id=\"2626\" class=\"elementor elementor-2626\">\n\t\t\t\t\t\t<section class=\"elementor-section elementor-top-section elementor-element elementor-element-c3da1e9 elementor-section-boxed elementor-section-height-default elementor-section-height-default\" data-id=\"c3da1e9\" data-element_type=\"section\" data-e-type=\"section\">\n\t\t\t\t\t\t<div class=\"elementor-container elementor-column-gap-default\">\n\t\t\t\t\t<div class=\"elementor-column elementor-col-33 elementor-top-column elementor-element elementor-element-c5d12f4\" data-id=\"c5d12f4\" data-element_type=\"column\" data-e-type=\"column\">\n\t\t\t<div class=\"elementor-widget-wrap elementor-element-populated\">\n\t\t\t\t\t\t<div class=\"elementor-element elementor-element-749a745 elementor-widget elementor-widget-text-editor\" data-id=\"749a745\" data-element_type=\"widget\" data-e-type=\"widget\" data-widget_type=\"text-editor.default\">\n\t\t\t\t<div class=\"elementor-widget-container\">\n\t\t\t\t\t\t\t\t\t<p>* 12. Januar 1746 in Z\u00fcrich; \u2020 17. Februar 1827<\/p>\t\t\t\t\t\t\t\t<\/div>\n\t\t\t\t<\/div>\n\t\t\t\t<div class=\"elementor-element elementor-element-1950c3d elementor-widget elementor-widget-heading\" data-id=\"1950c3d\" data-element_type=\"widget\" data-e-type=\"widget\" data-widget_type=\"heading.default\">\n\t\t\t\t<div class=\"elementor-widget-container\">\n\t\t\t\t\t<h3 class=\"elementor-heading-title elementor-size-default\">Johann\nHeinrich\nPestalozzi<\/h3>\t\t\t\t<\/div>\n\t\t\t\t<\/div>\n\t\t\t\t<div class=\"elementor-element elementor-element-e01bc12 elementor-widget-divider--view-line elementor-widget elementor-widget-divider\" data-id=\"e01bc12\" data-element_type=\"widget\" data-e-type=\"widget\" data-widget_type=\"divider.default\">\n\t\t\t\t<div class=\"elementor-widget-container\">\n\t\t\t\t\t\t\t<div class=\"elementor-divider\">\n\t\t\t<span class=\"elementor-divider-separator\">\n\t\t\t\t\t\t<\/span>\n\t\t<\/div>\n\t\t\t\t\t\t<\/div>\n\t\t\t\t<\/div>\n\t\t\t\t<div class=\"elementor-element elementor-element-6b92488 elementor-widget elementor-widget-image\" data-id=\"6b92488\" data-element_type=\"widget\" data-e-type=\"widget\" data-widget_type=\"image.default\">\n\t\t\t\t<div class=\"elementor-widget-container\">\n\t\t\t\t\t\t\t\t\t\t\t\t\t\t\t<img fetchpriority=\"high\" decoding=\"async\" width=\"600\" height=\"782\" src=\"https:\/\/www.pestalozzischule-krefeld.de\/wp-content\/uploads\/2021\/06\/Johann_Heinrich_Pestalozzi_Real_Academia_de_Bellas_Artes_de_San_Fernando_Madrid_klein.jpg\" class=\"attachment-large size-large wp-image-2632\" alt=\"\" srcset=\"https:\/\/www.pestalozzischule-krefeld.de\/wp-content\/uploads\/2021\/06\/Johann_Heinrich_Pestalozzi_Real_Academia_de_Bellas_Artes_de_San_Fernando_Madrid_klein.jpg 600w, https:\/\/www.pestalozzischule-krefeld.de\/wp-content\/uploads\/2021\/06\/Johann_Heinrich_Pestalozzi_Real_Academia_de_Bellas_Artes_de_San_Fernando_Madrid_klein-230x300.jpg 230w\" sizes=\"(max-width: 600px) 100vw, 600px\" \/>\t\t\t\t\t\t\t\t\t\t\t\t\t\t\t<\/div>\n\t\t\t\t<\/div>\n\t\t\t\t\t<\/div>\n\t\t<\/div>\n\t\t\t\t<div class=\"elementor-column elementor-col-33 elementor-top-column elementor-element elementor-element-4a42b58\" data-id=\"4a42b58\" data-element_type=\"column\" data-e-type=\"column\">\n\t\t\t<div class=\"elementor-widget-wrap\">\n\t\t\t\t\t\t\t<\/div>\n\t\t<\/div>\n\t\t\t\t<div class=\"elementor-column elementor-col-33 elementor-top-column elementor-element elementor-element-e230dfc\" data-id=\"e230dfc\" data-element_type=\"column\" data-e-type=\"column\">\n\t\t\t<div class=\"elementor-widget-wrap elementor-element-populated\">\n\t\t\t\t\t\t<div class=\"elementor-element elementor-element-5735f8e elementor-widget elementor-widget-text-editor\" data-id=\"5735f8e\" data-element_type=\"widget\" data-e-type=\"widget\" data-widget_type=\"text-editor.default\">\n\t\t\t\t<div class=\"elementor-widget-container\">\n\t\t\t\t\t\t\t\t\t<p>Johann Heinrich Pestalozzis Eltern waren der\u00a0<a title=\"Wundarzt\" href=\"https:\/\/de.wikipedia.org\/wiki\/Wundarzt\">Chirurg<\/a>\u00a0Johann Baptist Pestalozzi (1718\u20131751) und die Chirurgentochter Susanna Hotz (1720\u20131796) aus\u00a0<a title=\"W\u00e4denswil\" href=\"https:\/\/de.wikipedia.org\/wiki\/W%C3%A4denswil\">W\u00e4denswil<\/a>. Sein Grossvater Andreas Pestalozzi (1692\u20131769), der ihm schon fr\u00fch die Liebe zu Jugend und Volk vermittelte, war reformierter Pfarrer in\u00a0<a title=\"H\u00f6ngg\" href=\"https:\/\/de.wikipedia.org\/wiki\/H%C3%B6ngg\">H\u00f6ngg<\/a>. Der\u00a0<a title=\"Deutschschweiz\" href=\"https:\/\/de.wikipedia.org\/wiki\/Deutschschweiz\">Deutschschweizer<\/a>\u00a0Johann Heinrich Pestalozzi besuchte von 1751 bis 1765 die Elementar- und die Lateinschule und studierte zun\u00e4chst\u00a0<a title=\"Theologie\" href=\"https:\/\/de.wikipedia.org\/wiki\/Theologie\">Theologie<\/a>, dann\u00a0<a title=\"Rechtswissenschaft\" href=\"https:\/\/de.wikipedia.org\/wiki\/Rechtswissenschaft\">Jurisprudenz<\/a>\u00a0am\u00a0<a title=\"Collegium Carolinum (Z\u00fcrich)\" href=\"https:\/\/de.wikipedia.org\/wiki\/Collegium_Carolinum_(Z%C3%BCrich)\">Collegium Carolinum<\/a>\u00a0in Z\u00fcrich, wo ihn der\u00a0<a title=\"Vordenker der Aufkl\u00e4rung\" href=\"https:\/\/de.wikipedia.org\/wiki\/Vordenker_der_Aufkl%C3%A4rung\">Aufkl\u00e4rer<\/a>\u00a0<a title=\"Johann Jakob Bodmer\" href=\"https:\/\/de.wikipedia.org\/wiki\/Johann_Jakob_Bodmer\">Johann Jakob Bodmer<\/a>\u00a0(1698\u20131783) beeinflusste.<\/p><p>Pestalozzi gilt als ein Vorl\u00e4ufer der\u00a0<a title=\"Anschauungsp\u00e4dagogik\" href=\"https:\/\/de.wikipedia.org\/wiki\/Anschauungsp%C3%A4dagogik\">Anschauungsp\u00e4dagogik<\/a>\u00a0und der daraus Ende des 19. Jahrhunderts entstandenen\u00a0<a title=\"Reformp\u00e4dagogik\" href=\"https:\/\/de.wikipedia.org\/wiki\/Reformp%C3%A4dagogik\">Reformp\u00e4dagogik<\/a>. Sein p\u00e4dagogisches Ziel war die ganzheitliche Volksbildung zur St\u00e4rkung der Menschen f\u00fcr das selbstst\u00e4ndige und kooperative Wirken in einem demokratischen Gemeinwesen. Die Eltern sollten bef\u00e4higt werden, mit dieser Bildung im Elternhaus zu beginnen und ihren Kindern entsprechende Vorbilder zu sein. Besonderes Augenmerk richtete Pestalozzi auf die\u00a0<a title=\"Elementarisierung\" href=\"https:\/\/de.wikipedia.org\/wiki\/Elementarisierung\">Elementarbildung<\/a>\u00a0der Kinder, welche schon vor der Schule in der Familie beginnen sollte. Dabei kam es ihm darauf an, die intellektuellen, sittlich-religi\u00f6sen und handwerklichen Kr\u00e4fte der Kinder allseitig und harmonisch zu f\u00f6rdern. Heute w\u00fcrde man sagen, Pestalozzi vertrat einen\u00a0<i><a title=\"Ganzheitlichkeit (P\u00e4dagogik)\" href=\"https:\/\/de.wikipedia.org\/wiki\/Ganzheitlichkeit_(P%C3%A4dagogik)\">ganzheitlichen Ansatz<\/a><\/i>.<sup id=\"cite_ref-4\" class=\"reference\"><\/sup><\/p>\t\t\t\t\t\t\t\t<\/div>\n\t\t\t\t<\/div>\n\t\t\t\t<div class=\"elementor-element elementor-element-6f4a0980 elementor-widget elementor-widget-heading\" data-id=\"6f4a0980\" data-element_type=\"widget\" data-e-type=\"widget\" data-widget_type=\"heading.default\">\n\t\t\t\t<div class=\"elementor-widget-container\">\n\t\t\t\t\t<p class=\"elementor-heading-title elementor-size-medium\"><a href=\"https:\/\/de.wikipedia.org\/w\/index.php?title=Johann_Heinrich_Pestalozzi&#038;oldid=211354754\">Mehr lesen<\/a><\/p>\t\t\t\t<\/div>\n\t\t\t\t<\/div>\n\t\t\t\t\t<\/div>\n\t\t<\/div>\n\t\t\t\t\t<\/div>\n\t\t<\/section>\n\t\t\t\t<section class=\"elementor-section elementor-top-section elementor-element elementor-element-6655244b elementor-section-height-min-height elementor-section-content-middle elementor-section-boxed elementor-section-height-default elementor-section-items-middle\" data-id=\"6655244b\" data-element_type=\"section\" data-e-type=\"section\" data-settings=\"{&quot;background_background&quot;:&quot;classic&quot;}\">\n\t\t\t\t\t\t<div class=\"elementor-container elementor-column-gap-default\">\n\t\t\t\t\t<div class=\"elementor-column elementor-col-100 elementor-top-column elementor-element elementor-element-3d9394f2\" data-id=\"3d9394f2\" data-element_type=\"column\" data-e-type=\"column\">\n\t\t\t<div class=\"elementor-widget-wrap elementor-element-populated\">\n\t\t\t\t\t\t<div class=\"elementor-element elementor-element-d8969f9 elementor-widget elementor-widget-text-editor\" data-id=\"d8969f9\" data-element_type=\"widget\" data-e-type=\"widget\" data-widget_type=\"text-editor.default\">\n\t\t\t\t<div class=\"elementor-widget-container\">\n\t\t\t\t\t\t\t\t\t<div><blockquote lang=\"de-CH\"><p>\u00abEs ist unstreitig, eine solche Anbahnung der Volksbildung w\u00fcrde dahin wirken k\u00f6nnen, die Kr\u00e4fte des h\u00e4uslichen Lebens zur sittlichen, geistigen und Kunstbildung des Volks zu st\u00e4rken und die V\u00e4ter und M\u00fctter des Landes f\u00e4higer zu machen, ihren Kindern vom Morgen bis am Abend mit Rat und Tat wirklich beizustehen und in ihrem Tun und Lassen einen wahrhaft bildenden Einfluss auf sie haben. [\u2026] Sie w\u00fcrde die Kraft des Volks, seine Anlagen im Kreis der Seinigen zu gebrauchen und sich im Kreis der Seinigen in allen Bed\u00fcrfnissen selber und selbstst\u00e4ndig helfen zu k\u00f6nnen, im Volk allgemein beleben und millionenfach erh\u00f6hen.\u00bb<\/p><\/blockquote><\/div><div class=\"cite\"><b>\u2013\u00a0<span class=\"Person\">Heinrich Pestalozzi<\/span><\/b><sup id=\"cite_ref-4\" class=\"reference\"><a href=\"https:\/\/de.wikipedia.org\/w\/index.php?title=Johann_Heinrich_Pestalozzi&amp;oldid=211354754#cite_note-4\">[4]<\/a><\/sup><\/div>\t\t\t\t\t\t\t\t<\/div>\n\t\t\t\t<\/div>\n\t\t\t\t\t<\/div>\n\t\t<\/div>\n\t\t\t\t\t<\/div>\n\t\t<\/section>\n\t\t\t\t<section class=\"elementor-section elementor-top-section elementor-element elementor-element-b2bc5fa elementor-section-boxed elementor-section-height-default elementor-section-height-default\" data-id=\"b2bc5fa\" data-element_type=\"section\" data-e-type=\"section\">\n\t\t\t\t\t\t<div class=\"elementor-container elementor-column-gap-default\">\n\t\t\t\t\t<div class=\"elementor-column elementor-col-50 elementor-top-column elementor-element elementor-element-6f52731\" data-id=\"6f52731\" data-element_type=\"column\" data-e-type=\"column\">\n\t\t\t<div class=\"elementor-widget-wrap elementor-element-populated\">\n\t\t\t\t\t\t<div class=\"elementor-element elementor-element-f27a2f9 elementor-widget elementor-widget-heading\" data-id=\"f27a2f9\" data-element_type=\"widget\" data-e-type=\"widget\" data-widget_type=\"heading.default\">\n\t\t\t\t<div class=\"elementor-widget-container\">\n\t\t\t\t\t<h3 class=\"elementor-heading-title elementor-size-default\">Wikipedia Artikel<\/h3>\t\t\t\t<\/div>\n\t\t\t\t<\/div>\n\t\t\t\t<div class=\"elementor-element elementor-element-22179d6 elementor-widget-divider--view-line elementor-widget elementor-widget-divider\" data-id=\"22179d6\" data-element_type=\"widget\" data-e-type=\"widget\" data-widget_type=\"divider.default\">\n\t\t\t\t<div class=\"elementor-widget-container\">\n\t\t\t\t\t\t\t<div class=\"elementor-divider\">\n\t\t\t<span class=\"elementor-divider-separator\">\n\t\t\t\t\t\t<\/span>\n\t\t<\/div>\n\t\t\t\t\t\t<\/div>\n\t\t\t\t<\/div>\n\t\t\t\t\t<\/div>\n\t\t<\/div>\n\t\t\t\t<div class=\"elementor-column elementor-col-50 elementor-top-column elementor-element elementor-element-7a3a047\" data-id=\"7a3a047\" data-element_type=\"column\" data-e-type=\"column\">\n\t\t\t<div class=\"elementor-widget-wrap elementor-element-populated\">\n\t\t\t\t\t\t<div class=\"elementor-element elementor-element-ff431a6 elementor-widget elementor-widget-html\" data-id=\"ff431a6\" data-element_type=\"widget\" data-e-type=\"widget\" data-widget_type=\"html.default\">\n\t\t\t\t<div class=\"elementor-widget-container\">\n\t\t\t\t\t<div style=\"border: 2px solid #F0F0F0; margin: 1em auto; padding:1em 1em; width:100%;  border-radius:.2em;\">\r\n    <a href=\"https:\/\/de.wikipedia.org\" style=\"display:block;flex:0 0 auto;display: flex;flex-direction: column;justify-content: center;padding-right:1em;\">\r\n        <img decoding=\"async\" width=\"80em !important\"; alt=\"Wikipedia\" src=\"https:\/\/upload.wikimedia.org\/wikipedia\/commons\/thumb\/8\/80\/Wikipedia-logo-v2.svg\/60px-Wikipedia-logo-v2.svg.png\">\r\n    <\/a>\r\n    <div>\r\nDieser Text basiert auf dem Artikel <a target=\"_blank\" href=\"https:\/\/de.wikipedia.org\/wiki\/WIKIPEDIA_SEITENNAMEN_HIER EINTRAGEN\">Johann Heinrich Pestalozzi<\/a> \r\naus der freien Enzyklop\u00e4die <a target=\"_blank\" href=\"https:\/\/de.wikipedia.org\">Wikipedia<\/a> \r\nund steht unter der Lizenz <a target=\"_blank\" href=\"http:\/\/creativecommons.org\/licenses\/by-sa\/3.0\/de\/legalcode\"> Creative Commons CC-BY-SA 3.0 Unported<\/a> (<a target=\"_blank\" href=\"http:\/\/creativecommons.org\/licenses\/by-sa\/3.0\/de\">Kurzfassung<\/a>).<br>\r\nIn der Wikipedia ist eine <a target=\"_blank\" href=\"https:\/\/de.wikipedia.org\/w\/index.php?title=Johann_Heinrich_Pestalozzi&oldid=211354754\">Liste der Autoren<\/a> verf\u00fcgbar.\r\n    <\/div>\r\n<\/div>\t\t\t\t<\/div>\n\t\t\t\t<\/div>\n\t\t\t\t\t<\/div>\n\t\t<\/div>\n\t\t\t\t\t<\/div>\n\t\t<\/section>\n\t\t\t\t<\/div>\n\t\t","protected":false},"excerpt":{"rendered":"<p>* 12. Januar 1746 in Z\u00fcrich; \u2020 17. Februar 1827 Johann Heinrich Pestalozzi Johann Heinrich Pestalozzis Eltern waren der\u00a0Chirurg\u00a0Johann Baptist Pestalozzi (1718\u20131751) und die Chirurgentochter Susanna Hotz (1720\u20131796) aus\u00a0W\u00e4denswil. Sein Grossvater Andreas Pestalozzi (1692\u20131769), der ihm schon fr\u00fch die Liebe zu Jugend und Volk vermittelte, war reformierter Pfarrer in\u00a0H\u00f6ngg. Der\u00a0Deutschschweizer\u00a0Johann Heinrich Pestalozzi besuchte von 1751 bis 1765 die Elementar- und die Lateinschule und studierte zun\u00e4chst\u00a0Theologie, dann\u00a0Jurisprudenz\u00a0am\u00a0Collegium Carolinum\u00a0in Z\u00fcrich, wo ihn der\u00a0Aufkl\u00e4rer\u00a0Johann Jakob Bodmer\u00a0(1698\u20131783) beeinflusste. Pestalozzi gilt als ein Vorl\u00e4ufer der\u00a0Anschauungsp\u00e4dagogik\u00a0und der daraus Ende des 19. Jahrhunderts entstandenen\u00a0Reformp\u00e4dagogik. Sein p\u00e4dagogisches Ziel war die ganzheitliche Volksbildung zur St\u00e4rkung der Menschen f\u00fcr das selbstst\u00e4ndige und kooperative Wirken in einem demokratischen Gemeinwesen. Die Eltern sollten bef\u00e4higt werden, mit dieser Bildung im Elternhaus zu beginnen und ihren Kindern entsprechende Vorbilder zu sein. Besonderes Augenmerk richtete Pestalozzi auf die\u00a0Elementarbildung\u00a0der Kinder, welche schon vor der Schule in der Familie beginnen sollte. Dabei kam es ihm darauf an, die intellektuellen, sittlich-religi\u00f6sen und handwerklichen Kr\u00e4fte der Kinder allseitig und harmonisch zu f\u00f6rdern. Heute w\u00fcrde man sagen, Pestalozzi vertrat einen\u00a0ganzheitlichen Ansatz. Mehr lesen \u00abEs ist unstreitig, eine solche Anbahnung der Volksbildung w\u00fcrde dahin wirken k\u00f6nnen, die Kr\u00e4fte des h\u00e4uslichen Lebens zur sittlichen, geistigen und Kunstbildung des Volks zu st\u00e4rken und die V\u00e4ter und M\u00fctter des Landes f\u00e4higer zu machen, ihren Kindern vom Morgen bis am Abend mit Rat und Tat wirklich beizustehen und in ihrem Tun und Lassen einen wahrhaft bildenden Einfluss auf sie haben. [\u2026] Sie w\u00fcrde die Kraft des Volks, seine Anlagen im Kreis der Seinigen zu gebrauchen und sich im Kreis der Seinigen in allen Bed\u00fcrfnissen selber und selbstst\u00e4ndig helfen zu k\u00f6nnen, im Volk allgemein beleben und millionenfach erh\u00f6hen.\u00bb \u2013\u00a0Heinrich Pestalozzi[4] Wikipedia Artikel Dieser Text basiert auf dem Artikel Johann Heinrich Pestalozzi aus der freien Enzyklop\u00e4die Wikipedia und steht unter der Lizenz Creative Commons CC-BY-SA 3.0 Unported (Kurzfassung). In der Wikipedia ist eine Liste der Autoren verf\u00fcgbar.<\/p>\n","protected":false},"author":9,"featured_media":0,"parent":126,"menu_order":0,"comment_status":"closed","ping_status":"closed","template":"","meta":{"footnotes":""},"class_list":["post-2626","page","type-page","status-publish","hentry"],"_links":{"self":[{"href":"https:\/\/www.pestalozzischule-krefeld.de\/index.php\/wp-json\/wp\/v2\/pages\/2626","targetHints":{"allow":["GET"]}}],"collection":[{"href":"https:\/\/www.pestalozzischule-krefeld.de\/index.php\/wp-json\/wp\/v2\/pages"}],"about":[{"href":"https:\/\/www.pestalozzischule-krefeld.de\/index.php\/wp-json\/wp\/v2\/types\/page"}],"author":[{"embeddable":true,"href":"https:\/\/www.pestalozzischule-krefeld.de\/index.php\/wp-json\/wp\/v2\/users\/9"}],"replies":[{"embeddable":true,"href":"https:\/\/www.pestalozzischule-krefeld.de\/index.php\/wp-json\/wp\/v2\/comments?post=2626"}],"version-history":[{"count":43,"href":"https:\/\/www.pestalozzischule-krefeld.de\/index.php\/wp-json\/wp\/v2\/pages\/2626\/revisions"}],"predecessor-version":[{"id":2679,"href":"https:\/\/www.pestalozzischule-krefeld.de\/index.php\/wp-json\/wp\/v2\/pages\/2626\/revisions\/2679"}],"up":[{"embeddable":true,"href":"https:\/\/www.pestalozzischule-krefeld.de\/index.php\/wp-json\/wp\/v2\/pages\/126"}],"wp:attachment":[{"href":"https:\/\/www.pestalozzischule-krefeld.de\/index.php\/wp-json\/wp\/v2\/media?parent=2626"}],"curies":[{"name":"wp","href":"https:\/\/api.w.org\/{rel}","templated":true}]}}