{"id":7823,"date":"2025-09-02T09:08:59","date_gmt":"2025-09-02T07:08:59","guid":{"rendered":"https:\/\/www.pestalozzischule-krefeld.de\/?page_id=7823"},"modified":"2026-01-22T12:47:33","modified_gmt":"2026-01-22T11:47:33","slug":"1b-klasse","status":"publish","type":"page","link":"https:\/\/www.pestalozzischule-krefeld.de\/index.php\/1b-klasse\/","title":{"rendered":"1b Delfinklasse"},"content":{"rendered":"\t\t<div data-elementor-type=\"wp-page\" data-elementor-id=\"7823\" class=\"elementor elementor-7823\">\n\t\t\t\t\t\t<section class=\"elementor-section elementor-top-section elementor-element elementor-element-4ca8eb51 elementor-section-boxed elementor-section-height-default elementor-section-height-default\" data-id=\"4ca8eb51\" data-element_type=\"section\" data-e-type=\"section\">\n\t\t\t\t\t\t<div class=\"elementor-container elementor-column-gap-default\">\n\t\t\t\t\t<div class=\"elementor-column elementor-col-50 elementor-top-column elementor-element elementor-element-26393db\" data-id=\"26393db\" data-element_type=\"column\" data-e-type=\"column\">\n\t\t\t<div class=\"elementor-widget-wrap elementor-element-populated\">\n\t\t\t\t\t\t<div class=\"elementor-element elementor-element-adcaf75 elementor-widget-divider--view-line elementor-widget elementor-widget-divider\" data-id=\"adcaf75\" data-element_type=\"widget\" data-e-type=\"widget\" data-widget_type=\"divider.default\">\n\t\t\t\t<div class=\"elementor-widget-container\">\n\t\t\t\t\t\t\t<div class=\"elementor-divider\">\n\t\t\t<span class=\"elementor-divider-separator\">\n\t\t\t\t\t\t<\/span>\n\t\t<\/div>\n\t\t\t\t\t\t<\/div>\n\t\t\t\t<\/div>\n\t\t\t\t<div class=\"elementor-element elementor-element-b0f4fb5 elementor-invisible elementor-widget elementor-widget-heading\" data-id=\"b0f4fb5\" data-element_type=\"widget\" data-e-type=\"widget\" data-settings=\"{&quot;_animation&quot;:&quot;bounceInLeft&quot;}\" data-widget_type=\"heading.default\">\n\t\t\t\t<div class=\"elementor-widget-container\">\n\t\t\t\t\t<h3 class=\"elementor-heading-title elementor-size-large\">1b Delfinklasse<\/h3>\t\t\t\t<\/div>\n\t\t\t\t<\/div>\n\t\t\t\t<div class=\"elementor-element elementor-element-96b88d9 elementor-widget elementor-widget-image\" data-id=\"96b88d9\" data-element_type=\"widget\" data-e-type=\"widget\" data-widget_type=\"image.default\">\n\t\t\t\t<div class=\"elementor-widget-container\">\n\t\t\t\t\t\t\t\t\t\t\t\t\t\t\t<img fetchpriority=\"high\" decoding=\"async\" width=\"960\" height=\"439\" src=\"https:\/\/www.pestalozzischule-krefeld.de\/wp-content\/uploads\/2026\/01\/Klassenfoto-1b-2026-1024x468.png\" class=\"attachment-large size-large wp-image-8170\" alt=\"\" srcset=\"https:\/\/www.pestalozzischule-krefeld.de\/wp-content\/uploads\/2026\/01\/Klassenfoto-1b-2026-1024x468.png 1024w, https:\/\/www.pestalozzischule-krefeld.de\/wp-content\/uploads\/2026\/01\/Klassenfoto-1b-2026-300x137.png 300w, https:\/\/www.pestalozzischule-krefeld.de\/wp-content\/uploads\/2026\/01\/Klassenfoto-1b-2026-768x351.png 768w, https:\/\/www.pestalozzischule-krefeld.de\/wp-content\/uploads\/2026\/01\/Klassenfoto-1b-2026-1140x521.png 1140w, https:\/\/www.pestalozzischule-krefeld.de\/wp-content\/uploads\/2026\/01\/Klassenfoto-1b-2026.png 1525w\" sizes=\"(max-width: 960px) 100vw, 960px\" \/>\t\t\t\t\t\t\t\t\t\t\t\t\t\t\t<\/div>\n\t\t\t\t<\/div>\n\t\t\t\t\t<\/div>\n\t\t<\/div>\n\t\t\t\t<div class=\"elementor-column elementor-col-50 elementor-top-column elementor-element elementor-element-4e94f9e3\" data-id=\"4e94f9e3\" data-element_type=\"column\" data-e-type=\"column\">\n\t\t\t<div class=\"elementor-widget-wrap elementor-element-populated\">\n\t\t\t\t\t\t<div class=\"elementor-element elementor-element-16a96fb elementor-widget elementor-widget-spacer\" data-id=\"16a96fb\" data-element_type=\"widget\" data-e-type=\"widget\" data-widget_type=\"spacer.default\">\n\t\t\t\t<div class=\"elementor-widget-container\">\n\t\t\t\t\t\t\t<div class=\"elementor-spacer\">\n\t\t\t<div class=\"elementor-spacer-inner\"><\/div>\n\t\t<\/div>\n\t\t\t\t\t\t<\/div>\n\t\t\t\t<\/div>\n\t\t\t\t<div class=\"elementor-element elementor-element-835c434 elementor-widget elementor-widget-spacer\" data-id=\"835c434\" data-element_type=\"widget\" data-e-type=\"widget\" data-widget_type=\"spacer.default\">\n\t\t\t\t<div class=\"elementor-widget-container\">\n\t\t\t\t\t\t\t<div class=\"elementor-spacer\">\n\t\t\t<div class=\"elementor-spacer-inner\"><\/div>\n\t\t<\/div>\n\t\t\t\t\t\t<\/div>\n\t\t\t\t<\/div>\n\t\t\t\t<div class=\"elementor-element elementor-element-6dbff35d elementor-widget elementor-widget-text-editor\" data-id=\"6dbff35d\" data-element_type=\"widget\" data-e-type=\"widget\" data-widget_type=\"text-editor.default\">\n\t\t\t\t<div class=\"elementor-widget-container\">\n\t\t\t\t\t\t\t\t\t<p><span style=\"font-weight: 400;\">Schuljahr 2025\/2026.<\/span><\/p>\n<p><span style=\"font-weight: 400;\">Wir sind in diesem Schuljahr 26 Kinder in der Delfinklasse.<br><\/span><\/p>\n<p><span style=\"font-weight: 400;\">Unsere Klassenlehrerin hei\u00dft Frau Kindt.<\/span><\/p>\t\t\t\t\t\t\t\t<\/div>\n\t\t\t\t<\/div>\n\t\t\t\t<div class=\"elementor-element elementor-element-8922a82 elementor-widget elementor-widget-image\" data-id=\"8922a82\" data-element_type=\"widget\" data-e-type=\"widget\" data-widget_type=\"image.default\">\n\t\t\t\t<div class=\"elementor-widget-container\">\n\t\t\t\t\t\t\t\t\t\t\t\t\t\t\t<img decoding=\"async\" width=\"75\" height=\"75\" src=\"https:\/\/www.pestalozzischule-krefeld.de\/wp-content\/uploads\/2025\/09\/Delfin-75x75.png\" class=\"attachment-ashe-single-navigation size-ashe-single-navigation wp-image-7841\" alt=\"\" srcset=\"https:\/\/www.pestalozzischule-krefeld.de\/wp-content\/uploads\/2025\/09\/Delfin-75x75.png 75w, https:\/\/www.pestalozzischule-krefeld.de\/wp-content\/uploads\/2025\/09\/Delfin-150x150.png 150w, https:\/\/www.pestalozzischule-krefeld.de\/wp-content\/uploads\/2025\/09\/Delfin-300x300.png 300w\" sizes=\"(max-width: 75px) 100vw, 75px\" \/>\t\t\t\t\t\t\t\t\t\t\t\t\t\t\t<\/div>\n\t\t\t\t<\/div>\n\t\t\t\t<div class=\"elementor-element elementor-element-74dbbdc elementor-widget elementor-widget-text-editor\" data-id=\"74dbbdc\" data-element_type=\"widget\" data-e-type=\"widget\" data-widget_type=\"text-editor.default\">\n\t\t\t\t<div class=\"elementor-widget-container\">\n\t\t\t\t\t\t\t\t\t<p>&#8222;Corona-konform mit Spa\u00df&#8220;<\/p>\t\t\t\t\t\t\t\t<\/div>\n\t\t\t\t<\/div>\n\t\t\t\t<div class=\"elementor-element elementor-element-bc08be3 elementor-widget elementor-widget-image\" data-id=\"bc08be3\" data-element_type=\"widget\" data-e-type=\"widget\" data-widget_type=\"image.default\">\n\t\t\t\t<div class=\"elementor-widget-container\">\n\t\t\t\t\t\t\t\t\t\t\t\t\t\t\t<img decoding=\"async\" width=\"300\" height=\"116\" src=\"https:\/\/www.pestalozzischule-krefeld.de\/wp-content\/uploads\/2021\/04\/Fotografie_Wysk.png\" class=\"attachment-large size-large wp-image-2512\" alt=\"\" \/>\t\t\t\t\t\t\t\t\t\t\t\t\t\t\t<\/div>\n\t\t\t\t<\/div>\n\t\t\t\t\t<\/div>\n\t\t<\/div>\n\t\t\t\t\t<\/div>\n\t\t<\/section>\n\t\t\t\t<section class=\"elementor-section elementor-top-section elementor-element elementor-element-635555b elementor-section-content-middle elementor-section-boxed elementor-section-height-default elementor-section-height-default\" data-id=\"635555b\" data-element_type=\"section\" data-e-type=\"section\" data-settings=\"{&quot;background_background&quot;:&quot;classic&quot;}\">\n\t\t\t\t\t\t<div class=\"elementor-container elementor-column-gap-default\">\n\t\t\t\t\t<div class=\"elementor-column elementor-col-50 elementor-top-column elementor-element elementor-element-a3f857d\" data-id=\"a3f857d\" data-element_type=\"column\" data-e-type=\"column\">\n\t\t\t<div class=\"elementor-widget-wrap elementor-element-populated\">\n\t\t\t\t\t\t<div class=\"elementor-element elementor-element-dca6803 elementor-widget elementor-widget-heading\" data-id=\"dca6803\" data-element_type=\"widget\" data-e-type=\"widget\" data-widget_type=\"heading.default\">\n\t\t\t\t<div class=\"elementor-widget-container\">\n\t\t\t\t\t<h3 class=\"elementor-heading-title elementor-size-default\">ihr weg<br>zu uns<\/h3>\t\t\t\t<\/div>\n\t\t\t\t<\/div>\n\t\t\t\t<div class=\"elementor-element elementor-element-fb2b830 elementor-widget-divider--view-line elementor-widget elementor-widget-divider\" data-id=\"fb2b830\" data-element_type=\"widget\" data-e-type=\"widget\" data-widget_type=\"divider.default\">\n\t\t\t\t<div class=\"elementor-widget-container\">\n\t\t\t\t\t\t\t<div class=\"elementor-divider\">\n\t\t\t<span class=\"elementor-divider-separator\">\n\t\t\t\t\t\t<\/span>\n\t\t<\/div>\n\t\t\t\t\t\t<\/div>\n\t\t\t\t<\/div>\n\t\t\t\t<div class=\"elementor-element elementor-element-c9fa1bd elementor-icon-list--layout-traditional elementor-list-item-link-full_width elementor-widget elementor-widget-icon-list\" data-id=\"c9fa1bd\" data-element_type=\"widget\" data-e-type=\"widget\" data-widget_type=\"icon-list.default\">\n\t\t\t\t<div class=\"elementor-widget-container\">\n\t\t\t\t\t\t\t<ul class=\"elementor-icon-list-items\">\n\t\t\t\t\t\t\t<li class=\"elementor-icon-list-item\">\n\t\t\t\t\t\t\t\t\t\t\t<span class=\"elementor-icon-list-icon\">\n\t\t\t\t\t\t\t<i aria-hidden=\"true\" class=\"fas fa-map-marker-alt\"><\/i>\t\t\t\t\t\t<\/span>\n\t\t\t\t\t\t\t\t\t\t<span class=\"elementor-icon-list-text\">H\u00fclser Str. 449, 47803 Krefeld<\/span>\n\t\t\t\t\t\t\t\t\t<\/li>\n\t\t\t\t\t\t\t\t<li class=\"elementor-icon-list-item\">\n\t\t\t\t\t\t\t\t\t\t\t<span class=\"elementor-icon-list-icon\">\n\t\t\t\t\t\t\t<i aria-hidden=\"true\" class=\"fas fa-phone-square\"><\/i>\t\t\t\t\t\t<\/span>\n\t\t\t\t\t\t\t\t\t\t<span class=\"elementor-icon-list-text\">02151 \/ 754107<\/span>\n\t\t\t\t\t\t\t\t\t<\/li>\n\t\t\t\t\t\t<\/ul>\n\t\t\t\t\t\t<\/div>\n\t\t\t\t<\/div>\n\t\t\t\t\t<\/div>\n\t\t<\/div>\n\t\t\t\t<div class=\"elementor-column elementor-col-50 elementor-top-column elementor-element elementor-element-ae6f813\" data-id=\"ae6f813\" data-element_type=\"column\" data-e-type=\"column\">\n\t\t\t<div class=\"elementor-widget-wrap elementor-element-populated\">\n\t\t\t\t\t\t<div class=\"elementor-element elementor-element-bc09d3b elementor-widget elementor-widget-google_maps\" data-id=\"bc09d3b\" data-element_type=\"widget\" data-e-type=\"widget\" data-widget_type=\"google_maps.default\">\n\t\t\t\t<div class=\"elementor-widget-container\">\n\t\t\t\t\t\t\t<div class=\"elementor-custom-embed\">\n\t\t\t<iframe loading=\"lazy\"\n\t\t\t\t\tsrc=\"https:\/\/maps.google.com\/maps?q=Pestalozzischule%2C%20H%C3%BClser%20Str.%20449%2C%2047803%20Krefeld&#038;t=m&#038;z=12&#038;output=embed&#038;iwloc=near\"\n\t\t\t\t\ttitle=\"Pestalozzischule, H\u00fclser Str. 449, 47803 Krefeld\"\n\t\t\t\t\taria-label=\"Pestalozzischule, H\u00fclser Str. 449, 47803 Krefeld\"\n\t\t\t><\/iframe>\n\t\t<\/div>\n\t\t\t\t\t\t<\/div>\n\t\t\t\t<\/div>\n\t\t\t\t\t<\/div>\n\t\t<\/div>\n\t\t\t\t\t<\/div>\n\t\t<\/section>\n\t\t\t\t<\/div>\n\t\t","protected":false},"excerpt":{"rendered":"<p>1b Delfinklasse Schuljahr 2025\/2026. Wir sind in diesem Schuljahr 26 Kinder in der Delfinklasse. Unsere Klassenlehrerin hei\u00dft Frau Kindt. &#8222;Corona-konform mit Spa\u00df&#8220; ihr wegzu uns H\u00fclser Str. 449, 47803 Krefeld 02151 \/ 754107<\/p>\n","protected":false},"author":9,"featured_media":0,"parent":0,"menu_order":0,"comment_status":"closed","ping_status":"closed","template":"","meta":{"footnotes":""},"class_list":["post-7823","page","type-page","status-publish","hentry"],"_links":{"self":[{"href":"https:\/\/www.pestalozzischule-krefeld.de\/index.php\/wp-json\/wp\/v2\/pages\/7823","targetHints":{"allow":["GET"]}}],"collection":[{"href":"https:\/\/www.pestalozzischule-krefeld.de\/index.php\/wp-json\/wp\/v2\/pages"}],"about":[{"href":"https:\/\/www.pestalozzischule-krefeld.de\/index.php\/wp-json\/wp\/v2\/types\/page"}],"author":[{"embeddable":true,"href":"https:\/\/www.pestalozzischule-krefeld.de\/index.php\/wp-json\/wp\/v2\/users\/9"}],"replies":[{"embeddable":true,"href":"https:\/\/www.pestalozzischule-krefeld.de\/index.php\/wp-json\/wp\/v2\/comments?post=7823"}],"version-history":[{"count":20,"href":"https:\/\/www.pestalozzischule-krefeld.de\/index.php\/wp-json\/wp\/v2\/pages\/7823\/revisions"}],"predecessor-version":[{"id":8183,"href":"https:\/\/www.pestalozzischule-krefeld.de\/index.php\/wp-json\/wp\/v2\/pages\/7823\/revisions\/8183"}],"wp:attachment":[{"href":"https:\/\/www.pestalozzischule-krefeld.de\/index.php\/wp-json\/wp\/v2\/media?parent=7823"}],"curies":[{"name":"wp","href":"https:\/\/api.w.org\/{rel}","templated":true}]}}